{"id":12120,"date":"2024-08-12T02:05:56","date_gmt":"2024-08-12T02:05:56","guid":{"rendered":"https:\/\/bt-staging.flywheelsites.com\/la-escuela\/"},"modified":"2024-11-16T06:29:08","modified_gmt":"2024-11-16T06:29:08","slug":"la-escuela","status":"publish","type":"page","link":"https:\/\/ballettech.org\/es\/la-escuela\/","title":{"rendered":"La escuela"},"content":{"rendered":"","protected":false},"excerpt":{"rendered":"","protected":false},"author":1,"featured_media":0,"parent":0,"menu_order":0,"comment_status":"closed","ping_status":"closed","template":"","meta":{"_acf_changed":false,"footnotes":""},"class_list":["post-12120","page","type-page","status-publish","hentry"],"acf":[],"yoast_head":"<!-- This site is optimized with the Yoast SEO plugin v26.9 - https:\/\/yoast.com\/product\/yoast-seo-wordpress\/ -->\n<title>La Escuela - Ballet Tech - La Escuela P\u00fablica de Danza de Nueva York<\/title>\n<meta name=\"description\" content=\"Ballet Tech, la Escuela P\u00fablica de Danza de la Ciudad de Nueva York, ofrece a sus estudiantes una educaci\u00f3n acad\u00e9mica de alta calidad y una formaci\u00f3n intensiva y rigurosa en danza cl\u00e1sica. Ballet Tech, grados 4-8, combina lo mejor de la educaci\u00f3n p\u00fablica y la instrucci\u00f3n art\u00edstica profesional. La escuela es una colaboraci\u00f3n entre el Departamento de Educaci\u00f3n de la Ciudad de Nueva York, que proporciona la instrucci\u00f3n acad\u00e9mica, y [...]\" \/>\n<meta name=\"robots\" content=\"noindex, follow\" \/>\n<meta property=\"og:locale\" content=\"es_ES\" \/>\n<meta property=\"og:type\" content=\"article\" \/>\n<meta property=\"og:title\" content=\"La Escuela - Ballet Tech - La Escuela P\u00fablica de Danza de Nueva York\" \/>\n<meta property=\"og:description\" content=\"Ballet Tech, la Escuela P\u00fablica de Danza de la Ciudad de Nueva York, ofrece a sus estudiantes una educaci\u00f3n acad\u00e9mica de alta calidad y una formaci\u00f3n intensiva y rigurosa en danza cl\u00e1sica. Ballet Tech, grados 4-8, combina lo mejor de la educaci\u00f3n p\u00fablica y la instrucci\u00f3n art\u00edstica profesional. La escuela es una colaboraci\u00f3n entre el Departamento de Educaci\u00f3n de la Ciudad de Nueva York, que proporciona la instrucci\u00f3n acad\u00e9mica, y [...]\" \/>\n<meta property=\"og:url\" content=\"http:\/\/ballettech.org\/es\/la-escuela\/\" \/>\n<meta property=\"og:site_name\" content=\"Ballet Tech\" \/>\n<meta property=\"article:publisher\" content=\"https:\/\/www.facebook.com\/ballettech\/\" \/>\n<meta property=\"article:modified_time\" content=\"2024-11-16T06:29:08+00:00\" \/>\n<meta name=\"twitter:card\" content=\"summary_large_image\" \/>\n<script type=\"application\/ld+json\" class=\"yoast-schema-graph\">{\"@context\":\"https:\/\/schema.org\",\"@graph\":[{\"@type\":\"WebPage\",\"@id\":\"http:\/\/ballettech.org\/es\/la-escuela\/\",\"url\":\"http:\/\/ballettech.org\/es\/la-escuela\/\",\"name\":\"La Escuela - Ballet Tech - La Escuela P\u00fablica de Danza de Nueva York\",\"isPartOf\":{\"@id\":\"https:\/\/ballettech.org\/#website\"},\"datePublished\":\"2024-08-12T02:05:56+00:00\",\"dateModified\":\"2024-11-16T06:29:08+00:00\",\"description\":\"Ballet Tech, la Escuela P\u00fablica de Danza de la Ciudad de Nueva York, ofrece a sus estudiantes una educaci\u00f3n acad\u00e9mica de alta calidad y una formaci\u00f3n intensiva y rigurosa en danza cl\u00e1sica. Ballet Tech, grados 4-8, combina lo mejor de la educaci\u00f3n p\u00fablica y la instrucci\u00f3n art\u00edstica profesional. La escuela es una colaboraci\u00f3n entre el Departamento de Educaci\u00f3n de la Ciudad de Nueva York, que proporciona la instrucci\u00f3n acad\u00e9mica, y [...]\",\"breadcrumb\":{\"@id\":\"http:\/\/ballettech.org\/es\/la-escuela\/#breadcrumb\"},\"inLanguage\":\"es-ES\",\"potentialAction\":[{\"@type\":\"ReadAction\",\"target\":[\"http:\/\/ballettech.org\/es\/la-escuela\/\"]}]},{\"@type\":\"BreadcrumbList\",\"@id\":\"http:\/\/ballettech.org\/es\/la-escuela\/#breadcrumb\",\"itemListElement\":[{\"@type\":\"ListItem\",\"position\":1,\"name\":\"Home\",\"item\":\"https:\/\/ballettech.org\/es\/hogar\/\"},{\"@type\":\"ListItem\",\"position\":2,\"name\":\"La escuela\"}]},{\"@type\":\"WebSite\",\"@id\":\"https:\/\/ballettech.org\/#website\",\"url\":\"https:\/\/ballettech.org\/\",\"name\":\"Ballet Tech - The NYC Public School for Dance\",\"description\":\"The NYC Public School for Dance\",\"publisher\":{\"@id\":\"https:\/\/ballettech.org\/#organization\"},\"potentialAction\":[{\"@type\":\"SearchAction\",\"target\":{\"@type\":\"EntryPoint\",\"urlTemplate\":\"https:\/\/ballettech.org\/?s={search_term_string}\"},\"query-input\":{\"@type\":\"PropertyValueSpecification\",\"valueRequired\":true,\"valueName\":\"search_term_string\"}}],\"inLanguage\":\"es-ES\"},{\"@type\":\"Organization\",\"@id\":\"https:\/\/ballettech.org\/#organization\",\"name\":\"Ballet Tech School\",\"url\":\"https:\/\/ballettech.org\/\",\"logo\":{\"@type\":\"ImageObject\",\"inLanguage\":\"es-ES\",\"@id\":\"https:\/\/ballettech.org\/#\/schema\/logo\/image\/\",\"url\":\"https:\/\/ballettech.org\/app\/uploads\/2024\/08\/logo-BT-full-1.png\",\"contentUrl\":\"https:\/\/ballettech.org\/app\/uploads\/2024\/08\/logo-BT-full-1.png\",\"width\":376,\"height\":129,\"caption\":\"Ballet Tech School\"},\"image\":{\"@id\":\"https:\/\/ballettech.org\/#\/schema\/logo\/image\/\"},\"sameAs\":[\"https:\/\/www.facebook.com\/ballettech\/\",\"https:\/\/www.youtube.com\/channel\/UCl7ro3fdsQ1MU3ZULekOpJQ\"]}]}<\/script>\n<!-- \/ Yoast SEO plugin. -->","yoast_head_json":{"title":"La Escuela - Ballet Tech - La Escuela P\u00fablica de Danza de Nueva York","description":"Ballet Tech, la Escuela P\u00fablica de Danza de la Ciudad de Nueva York, ofrece a sus estudiantes una educaci\u00f3n acad\u00e9mica de alta calidad y una formaci\u00f3n intensiva y rigurosa en danza cl\u00e1sica. Ballet Tech, grados 4-8, combina lo mejor de la educaci\u00f3n p\u00fablica y la instrucci\u00f3n art\u00edstica profesional. La escuela es una colaboraci\u00f3n entre el Departamento de Educaci\u00f3n de la Ciudad de Nueva York, que proporciona la instrucci\u00f3n acad\u00e9mica, y [...]","robots":{"index":"noindex","follow":"follow"},"og_locale":"es_ES","og_type":"article","og_title":"La Escuela - Ballet Tech - La Escuela P\u00fablica de Danza de Nueva York","og_description":"Ballet Tech, la Escuela P\u00fablica de Danza de la Ciudad de Nueva York, ofrece a sus estudiantes una educaci\u00f3n acad\u00e9mica de alta calidad y una formaci\u00f3n intensiva y rigurosa en danza cl\u00e1sica. Ballet Tech, grados 4-8, combina lo mejor de la educaci\u00f3n p\u00fablica y la instrucci\u00f3n art\u00edstica profesional. La escuela es una colaboraci\u00f3n entre el Departamento de Educaci\u00f3n de la Ciudad de Nueva York, que proporciona la instrucci\u00f3n acad\u00e9mica, y [...]","og_url":"http:\/\/ballettech.org\/es\/la-escuela\/","og_site_name":"Ballet Tech","article_publisher":"https:\/\/www.facebook.com\/ballettech\/","article_modified_time":"2024-11-16T06:29:08+00:00","twitter_card":"summary_large_image","schema":{"@context":"https:\/\/schema.org","@graph":[{"@type":"WebPage","@id":"http:\/\/ballettech.org\/es\/la-escuela\/","url":"http:\/\/ballettech.org\/es\/la-escuela\/","name":"La Escuela - Ballet Tech - La Escuela P\u00fablica de Danza de Nueva York","isPartOf":{"@id":"https:\/\/ballettech.org\/#website"},"datePublished":"2024-08-12T02:05:56+00:00","dateModified":"2024-11-16T06:29:08+00:00","description":"Ballet Tech, la Escuela P\u00fablica de Danza de la Ciudad de Nueva York, ofrece a sus estudiantes una educaci\u00f3n acad\u00e9mica de alta calidad y una formaci\u00f3n intensiva y rigurosa en danza cl\u00e1sica. Ballet Tech, grados 4-8, combina lo mejor de la educaci\u00f3n p\u00fablica y la instrucci\u00f3n art\u00edstica profesional. La escuela es una colaboraci\u00f3n entre el Departamento de Educaci\u00f3n de la Ciudad de Nueva York, que proporciona la instrucci\u00f3n acad\u00e9mica, y [...]","breadcrumb":{"@id":"http:\/\/ballettech.org\/es\/la-escuela\/#breadcrumb"},"inLanguage":"es-ES","potentialAction":[{"@type":"ReadAction","target":["http:\/\/ballettech.org\/es\/la-escuela\/"]}]},{"@type":"BreadcrumbList","@id":"http:\/\/ballettech.org\/es\/la-escuela\/#breadcrumb","itemListElement":[{"@type":"ListItem","position":1,"name":"Home","item":"https:\/\/ballettech.org\/es\/hogar\/"},{"@type":"ListItem","position":2,"name":"La escuela"}]},{"@type":"WebSite","@id":"https:\/\/ballettech.org\/#website","url":"https:\/\/ballettech.org\/","name":"Ballet Tech - The NYC Public School for Dance","description":"The NYC Public School for Dance","publisher":{"@id":"https:\/\/ballettech.org\/#organization"},"potentialAction":[{"@type":"SearchAction","target":{"@type":"EntryPoint","urlTemplate":"https:\/\/ballettech.org\/?s={search_term_string}"},"query-input":{"@type":"PropertyValueSpecification","valueRequired":true,"valueName":"search_term_string"}}],"inLanguage":"es-ES"},{"@type":"Organization","@id":"https:\/\/ballettech.org\/#organization","name":"Ballet Tech School","url":"https:\/\/ballettech.org\/","logo":{"@type":"ImageObject","inLanguage":"es-ES","@id":"https:\/\/ballettech.org\/#\/schema\/logo\/image\/","url":"https:\/\/ballettech.org\/app\/uploads\/2024\/08\/logo-BT-full-1.png","contentUrl":"https:\/\/ballettech.org\/app\/uploads\/2024\/08\/logo-BT-full-1.png","width":376,"height":129,"caption":"Ballet Tech School"},"image":{"@id":"https:\/\/ballettech.org\/#\/schema\/logo\/image\/"},"sameAs":["https:\/\/www.facebook.com\/ballettech\/","https:\/\/www.youtube.com\/channel\/UCl7ro3fdsQ1MU3ZULekOpJQ"]}]}},"_links":{"self":[{"href":"https:\/\/ballettech.org\/es\/wp-json\/wp\/v2\/pages\/12120","targetHints":{"allow":["GET"]}}],"collection":[{"href":"https:\/\/ballettech.org\/es\/wp-json\/wp\/v2\/pages"}],"about":[{"href":"https:\/\/ballettech.org\/es\/wp-json\/wp\/v2\/types\/page"}],"author":[{"embeddable":true,"href":"https:\/\/ballettech.org\/es\/wp-json\/wp\/v2\/users\/1"}],"replies":[{"embeddable":true,"href":"https:\/\/ballettech.org\/es\/wp-json\/wp\/v2\/comments?post=12120"}],"version-history":[{"count":1,"href":"https:\/\/ballettech.org\/es\/wp-json\/wp\/v2\/pages\/12120\/revisions"}],"predecessor-version":[{"id":12121,"href":"https:\/\/ballettech.org\/es\/wp-json\/wp\/v2\/pages\/12120\/revisions\/12121"}],"wp:attachment":[{"href":"https:\/\/ballettech.org\/es\/wp-json\/wp\/v2\/media?parent=12120"}],"curies":[{"name":"wp","href":"https:\/\/api.w.org\/{rel}","templated":true}]}}