{"id":15534,"date":"2024-09-01T03:47:01","date_gmt":"2024-09-01T03:47:01","guid":{"rendered":"https:\/\/bt-staging.flywheelsites.com\/la-escuela\/camino-al-exito\/"},"modified":"2024-11-16T06:29:15","modified_gmt":"2024-11-16T06:29:15","slug":"camino-al-exito","status":"publish","type":"page","link":"https:\/\/ballettech.org\/es\/la-escuela\/camino-al-exito\/","title":{"rendered":"Camino al \u00e9xito"},"content":{"rendered":"\n<div class=\"wp-block-media-text is-stacked-on-mobile\"><figure class=\"wp-block-media-text__media\"><img decoding=\"async\" src=\"https:\/\/ballettech.org\/wp-content\/uploads\/2024\/09\/coursehandbooks-1-1024x685.jpeg\" alt=\"\" class=\"wp-image-630 size-full\"><\/figure><div class=\"wp-block-media-text__content\">\n<p>Caminos hacia el \u00e9xito<br>Nuestra misi\u00f3n es entregar una programaci\u00f3n acad\u00e9mica y recreativa enriquecedora para promover el desarrollo acad\u00e9mico, social, emocional y profesional de los j\u00f3venes. Involucramos a las mentes j\u00f3venes para ayudarles a tener m\u00e1s confianza, ser m\u00e1s responsables y estar m\u00e1s interesados en el mundo que les rodea. No hay nada m\u00e1s potente para impactar las vidas de los j\u00f3venes que nutrir y cuidar modelos a seguir en sus vidas. Nuestros estudiantes, familias y personal experimentan el m\u00e1ximo impacto de nuestros servicios y la fortaleza de nuestra comunidad.<br>Director del sitio: Ciriaco Watson<br>Roads To Success (RTS) es una organizaci\u00f3n sin fines de lucro que brinda servicios extracurriculares a Ballet Tech en el lugar. El programa opera de 2:35 p.m. a 6:00 p.m. de lunes a viernes.<br>RTS ofrece los siguientes servicios: ayuda con las tareas, enriquecimiento de la alfabetizaci\u00f3n, teatro, artes y manualidades, juegos y refrigerios.<br>Inscribirse en RTS<br><\/p>\n\n\n\n<p>La inscripci\u00f3n en Roads to Success requiere una cuota. La Ballet Tech Foundation subsidia aproximadamente el 50% del costo del programa para mantener la matr\u00edcula a un precio razonable para las familias. Este a\u00f1o, las familias tendr\u00e1n dos opciones de inscripci\u00f3n en horarios: 2:35 p.m. a 5:30 p.m. o 2:35 p.m. a 6:00 p.m.<br>La inscripci\u00f3n en el programa de 3 horas le costar\u00e1 a las familias $1750 por el a\u00f1o escolar completo, o $175 por mes. La inscripci\u00f3n en el horario de 3.5 horas le costar\u00e1 a las familias $2000 por todo el a\u00f1o escolar, o $200 por mes. Si pagas todo el a\u00f1o por adelantado, recibir\u00e1s un 10% de descuento.<br>Si est\u00e1 interesado en inscribir a su hijo en RTS, llame a la oficina de ballet al 212-777-7710.<\/p>\n\n\n\n<p><\/p>\n<\/div><\/div>\n","protected":false},"excerpt":{"rendered":"<p>Caminos hacia el \u00e9xitoNuestra misi\u00f3n es entregar una programaci\u00f3n acad\u00e9mica y recreativa enriquecedora para promover el desarrollo acad\u00e9mico, social, emocional y profesional de los j\u00f3venes. Involucramos a las mentes j\u00f3venes [&hellip;]<\/p>\n","protected":false},"author":1,"featured_media":65682,"parent":12120,"menu_order":0,"comment_status":"closed","ping_status":"closed","template":"","meta":{"_acf_changed":false,"footnotes":""},"class_list":["post-15534","page","type-page","status-publish","has-post-thumbnail","hentry"],"acf":[],"yoast_head":"<!-- This site is optimized with the Yoast SEO plugin v26.9 - https:\/\/yoast.com\/product\/yoast-seo-wordpress\/ -->\n<title>Camino al \u00e9xito - Ballet Tech<\/title>\n<meta name=\"description\" content=\"Roads to Success es una organizaci\u00f3n sin fines de lucro que brinda servicios extracurriculares a Ballet Tech en el lugar. Nuestra misi\u00f3n es entregar una programaci\u00f3n acad\u00e9mica y recreativa enriquecedora para promover el desarrollo acad\u00e9mico, social, emocional y profesional de los j\u00f3venes.\" \/>\n<meta name=\"robots\" content=\"index, follow, max-snippet:-1, max-image-preview:large, max-video-preview:-1\" \/>\n<link rel=\"canonical\" href=\"https:\/\/ballettech.org\/school\/roads-to-success\/\" \/>\n<meta property=\"og:locale\" content=\"es_ES\" \/>\n<meta property=\"og:type\" content=\"article\" \/>\n<meta property=\"og:title\" content=\"Camino al \u00e9xito - Ballet Tech\" \/>\n<meta property=\"og:description\" content=\"Roads to Success es una organizaci\u00f3n sin fines de lucro que brinda servicios extracurriculares a Ballet Tech en el lugar. Nuestra misi\u00f3n es entregar una programaci\u00f3n acad\u00e9mica y recreativa enriquecedora para promover el desarrollo acad\u00e9mico, social, emocional y profesional de los j\u00f3venes.\" \/>\n<meta property=\"og:url\" content=\"https:\/\/ballettech.org\/school\/roads-to-success\/\" \/>\n<meta property=\"og:site_name\" content=\"Ballet Tech\" \/>\n<meta property=\"article:publisher\" content=\"https:\/\/www.facebook.com\/ballettech\/\" \/>\n<meta property=\"article:modified_time\" content=\"2024-11-16T06:29:15+00:00\" \/>\n<meta property=\"og:image\" content=\"https:\/\/ballettech.org\/wp-content\/uploads\/2024\/09\/coursehandbooks-1-1024x685.jpeg\" \/>\n<meta name=\"twitter:card\" content=\"summary_large_image\" \/>\n<meta name=\"twitter:label1\" content=\"Est. reading time\" \/>\n\t<meta name=\"twitter:data1\" content=\"1 minute\" \/>\n<script type=\"application\/ld+json\" class=\"yoast-schema-graph\">{\"@context\":\"https:\/\/schema.org\",\"@graph\":[{\"@type\":\"WebPage\",\"@id\":\"https:\/\/ballettech.org\/school\/roads-to-success\/\",\"url\":\"https:\/\/ballettech.org\/school\/roads-to-success\/\",\"name\":\"Camino al \u00e9xito - Ballet Tech\",\"isPartOf\":{\"@id\":\"https:\/\/ballettech.org\/#website\"},\"primaryImageOfPage\":{\"@id\":\"https:\/\/ballettech.org\/school\/roads-to-success\/#primaryimage\"},\"image\":{\"@id\":\"https:\/\/ballettech.org\/school\/roads-to-success\/#primaryimage\"},\"thumbnailUrl\":\"https:\/\/ballettech.org\/app\/uploads\/2024\/09\/coursehandbooks.jpeg\",\"datePublished\":\"2024-09-01T03:47:01+00:00\",\"dateModified\":\"2024-11-16T06:29:15+00:00\",\"description\":\"Roads to Success es una organizaci\u00f3n sin fines de lucro que brinda servicios extracurriculares a Ballet Tech en el lugar. Nuestra misi\u00f3n es entregar una programaci\u00f3n acad\u00e9mica y recreativa enriquecedora para promover el desarrollo acad\u00e9mico, social, emocional y profesional de los j\u00f3venes.\",\"breadcrumb\":{\"@id\":\"https:\/\/ballettech.org\/school\/roads-to-success\/#breadcrumb\"},\"inLanguage\":\"es-ES\",\"potentialAction\":[{\"@type\":\"ReadAction\",\"target\":[\"https:\/\/ballettech.org\/school\/roads-to-success\/\"]}]},{\"@type\":\"ImageObject\",\"inLanguage\":\"es-ES\",\"@id\":\"https:\/\/ballettech.org\/school\/roads-to-success\/#primaryimage\",\"url\":\"https:\/\/ballettech.org\/app\/uploads\/2024\/09\/coursehandbooks.jpeg\",\"contentUrl\":\"https:\/\/ballettech.org\/app\/uploads\/2024\/09\/coursehandbooks.jpeg\",\"width\":2560,\"height\":1714},{\"@type\":\"BreadcrumbList\",\"@id\":\"https:\/\/ballettech.org\/school\/roads-to-success\/#breadcrumb\",\"itemListElement\":[{\"@type\":\"ListItem\",\"position\":1,\"name\":\"Home\",\"item\":\"https:\/\/ballettech.org\/es\/hogar\/\"},{\"@type\":\"ListItem\",\"position\":2,\"name\":\"La escuela\",\"item\":\"http:\/\/ballettech.org\/es\/la-escuela\/\"},{\"@type\":\"ListItem\",\"position\":3,\"name\":\"Camino al \u00e9xito\"}]},{\"@type\":\"WebSite\",\"@id\":\"https:\/\/ballettech.org\/#website\",\"url\":\"https:\/\/ballettech.org\/\",\"name\":\"Ballet Tech - The NYC Public School for Dance\",\"description\":\"The NYC Public School for Dance\",\"publisher\":{\"@id\":\"https:\/\/ballettech.org\/#organization\"},\"potentialAction\":[{\"@type\":\"SearchAction\",\"target\":{\"@type\":\"EntryPoint\",\"urlTemplate\":\"https:\/\/ballettech.org\/?s={search_term_string}\"},\"query-input\":{\"@type\":\"PropertyValueSpecification\",\"valueRequired\":true,\"valueName\":\"search_term_string\"}}],\"inLanguage\":\"es-ES\"},{\"@type\":\"Organization\",\"@id\":\"https:\/\/ballettech.org\/#organization\",\"name\":\"Ballet Tech School\",\"url\":\"https:\/\/ballettech.org\/\",\"logo\":{\"@type\":\"ImageObject\",\"inLanguage\":\"es-ES\",\"@id\":\"https:\/\/ballettech.org\/#\/schema\/logo\/image\/\",\"url\":\"https:\/\/ballettech.org\/app\/uploads\/2024\/08\/logo-BT-full-1.png\",\"contentUrl\":\"https:\/\/ballettech.org\/app\/uploads\/2024\/08\/logo-BT-full-1.png\",\"width\":376,\"height\":129,\"caption\":\"Ballet Tech School\"},\"image\":{\"@id\":\"https:\/\/ballettech.org\/#\/schema\/logo\/image\/\"},\"sameAs\":[\"https:\/\/www.facebook.com\/ballettech\/\",\"https:\/\/www.youtube.com\/channel\/UCl7ro3fdsQ1MU3ZULekOpJQ\"]}]}<\/script>\n<!-- \/ Yoast SEO plugin. -->","yoast_head_json":{"title":"Camino al \u00e9xito - Ballet Tech","description":"Roads to Success es una organizaci\u00f3n sin fines de lucro que brinda servicios extracurriculares a Ballet Tech en el lugar. Nuestra misi\u00f3n es entregar una programaci\u00f3n acad\u00e9mica y recreativa enriquecedora para promover el desarrollo acad\u00e9mico, social, emocional y profesional de los j\u00f3venes.","robots":{"index":"index","follow":"follow","max-snippet":"max-snippet:-1","max-image-preview":"max-image-preview:large","max-video-preview":"max-video-preview:-1"},"canonical":"https:\/\/ballettech.org\/school\/roads-to-success\/","og_locale":"es_ES","og_type":"article","og_title":"Camino al \u00e9xito - Ballet Tech","og_description":"Roads to Success es una organizaci\u00f3n sin fines de lucro que brinda servicios extracurriculares a Ballet Tech en el lugar. Nuestra misi\u00f3n es entregar una programaci\u00f3n acad\u00e9mica y recreativa enriquecedora para promover el desarrollo acad\u00e9mico, social, emocional y profesional de los j\u00f3venes.","og_url":"https:\/\/ballettech.org\/school\/roads-to-success\/","og_site_name":"Ballet Tech","article_publisher":"https:\/\/www.facebook.com\/ballettech\/","article_modified_time":"2024-11-16T06:29:15+00:00","og_image":[{"url":"https:\/\/ballettech.org\/wp-content\/uploads\/2024\/09\/coursehandbooks-1-1024x685.jpeg","type":"","width":"","height":""}],"twitter_card":"summary_large_image","twitter_misc":{"Est. reading time":"1 minute"},"schema":{"@context":"https:\/\/schema.org","@graph":[{"@type":"WebPage","@id":"https:\/\/ballettech.org\/school\/roads-to-success\/","url":"https:\/\/ballettech.org\/school\/roads-to-success\/","name":"Camino al \u00e9xito - Ballet Tech","isPartOf":{"@id":"https:\/\/ballettech.org\/#website"},"primaryImageOfPage":{"@id":"https:\/\/ballettech.org\/school\/roads-to-success\/#primaryimage"},"image":{"@id":"https:\/\/ballettech.org\/school\/roads-to-success\/#primaryimage"},"thumbnailUrl":"https:\/\/ballettech.org\/app\/uploads\/2024\/09\/coursehandbooks.jpeg","datePublished":"2024-09-01T03:47:01+00:00","dateModified":"2024-11-16T06:29:15+00:00","description":"Roads to Success es una organizaci\u00f3n sin fines de lucro que brinda servicios extracurriculares a Ballet Tech en el lugar. Nuestra misi\u00f3n es entregar una programaci\u00f3n acad\u00e9mica y recreativa enriquecedora para promover el desarrollo acad\u00e9mico, social, emocional y profesional de los j\u00f3venes.","breadcrumb":{"@id":"https:\/\/ballettech.org\/school\/roads-to-success\/#breadcrumb"},"inLanguage":"es-ES","potentialAction":[{"@type":"ReadAction","target":["https:\/\/ballettech.org\/school\/roads-to-success\/"]}]},{"@type":"ImageObject","inLanguage":"es-ES","@id":"https:\/\/ballettech.org\/school\/roads-to-success\/#primaryimage","url":"https:\/\/ballettech.org\/app\/uploads\/2024\/09\/coursehandbooks.jpeg","contentUrl":"https:\/\/ballettech.org\/app\/uploads\/2024\/09\/coursehandbooks.jpeg","width":2560,"height":1714},{"@type":"BreadcrumbList","@id":"https:\/\/ballettech.org\/school\/roads-to-success\/#breadcrumb","itemListElement":[{"@type":"ListItem","position":1,"name":"Home","item":"https:\/\/ballettech.org\/es\/hogar\/"},{"@type":"ListItem","position":2,"name":"La escuela","item":"http:\/\/ballettech.org\/es\/la-escuela\/"},{"@type":"ListItem","position":3,"name":"Camino al \u00e9xito"}]},{"@type":"WebSite","@id":"https:\/\/ballettech.org\/#website","url":"https:\/\/ballettech.org\/","name":"Ballet Tech - The NYC Public School for Dance","description":"The NYC Public School for Dance","publisher":{"@id":"https:\/\/ballettech.org\/#organization"},"potentialAction":[{"@type":"SearchAction","target":{"@type":"EntryPoint","urlTemplate":"https:\/\/ballettech.org\/?s={search_term_string}"},"query-input":{"@type":"PropertyValueSpecification","valueRequired":true,"valueName":"search_term_string"}}],"inLanguage":"es-ES"},{"@type":"Organization","@id":"https:\/\/ballettech.org\/#organization","name":"Ballet Tech School","url":"https:\/\/ballettech.org\/","logo":{"@type":"ImageObject","inLanguage":"es-ES","@id":"https:\/\/ballettech.org\/#\/schema\/logo\/image\/","url":"https:\/\/ballettech.org\/app\/uploads\/2024\/08\/logo-BT-full-1.png","contentUrl":"https:\/\/ballettech.org\/app\/uploads\/2024\/08\/logo-BT-full-1.png","width":376,"height":129,"caption":"Ballet Tech School"},"image":{"@id":"https:\/\/ballettech.org\/#\/schema\/logo\/image\/"},"sameAs":["https:\/\/www.facebook.com\/ballettech\/","https:\/\/www.youtube.com\/channel\/UCl7ro3fdsQ1MU3ZULekOpJQ"]}]}},"_links":{"self":[{"href":"https:\/\/ballettech.org\/es\/wp-json\/wp\/v2\/pages\/15534","targetHints":{"allow":["GET"]}}],"collection":[{"href":"https:\/\/ballettech.org\/es\/wp-json\/wp\/v2\/pages"}],"about":[{"href":"https:\/\/ballettech.org\/es\/wp-json\/wp\/v2\/types\/page"}],"author":[{"embeddable":true,"href":"https:\/\/ballettech.org\/es\/wp-json\/wp\/v2\/users\/1"}],"replies":[{"embeddable":true,"href":"https:\/\/ballettech.org\/es\/wp-json\/wp\/v2\/comments?post=15534"}],"version-history":[{"count":1,"href":"https:\/\/ballettech.org\/es\/wp-json\/wp\/v2\/pages\/15534\/revisions"}],"predecessor-version":[{"id":15536,"href":"https:\/\/ballettech.org\/es\/wp-json\/wp\/v2\/pages\/15534\/revisions\/15536"}],"up":[{"embeddable":true,"href":"https:\/\/ballettech.org\/es\/wp-json\/wp\/v2\/pages\/12120"}],"wp:featuredmedia":[{"embeddable":true,"href":"https:\/\/ballettech.org\/es\/wp-json\/wp\/v2\/media\/65682"}],"wp:attachment":[{"href":"https:\/\/ballettech.org\/es\/wp-json\/wp\/v2\/media?parent=15534"}],"curies":[{"name":"wp","href":"https:\/\/api.w.org\/{rel}","templated":true}]}}