{"id":14210,"date":"2024-08-12T02:05:56","date_gmt":"2024-08-12T02:05:56","guid":{"rendered":"https:\/\/bt-staging.flywheelsites.com\/lecole\/"},"modified":"2024-11-16T06:29:16","modified_gmt":"2024-11-16T06:29:16","slug":"lecole","status":"publish","type":"page","link":"https:\/\/ballettech.org\/fr\/lecole\/","title":{"rendered":"L\u2019\u00c9cole"},"content":{"rendered":"","protected":false},"excerpt":{"rendered":"","protected":false},"author":1,"featured_media":0,"parent":0,"menu_order":0,"comment_status":"closed","ping_status":"closed","template":"","meta":{"_acf_changed":false,"footnotes":""},"class_list":["post-14210","page","type-page","status-publish","hentry"],"acf":[],"yoast_head":"<!-- This site is optimized with the Yoast SEO plugin v26.8 - https:\/\/yoast.com\/product\/yoast-seo-wordpress\/ -->\n<title>L\u2019\u00e9cole - Ballet Tech - L\u2019\u00e9cole publique de danse de New York<\/title>\n<meta name=\"description\" content=\"Ballet Tech, la NYC Public School for Dance, offre \u00e0 ses \u00e9tudiants une \u00e9ducation acad\u00e9mique de haute qualit\u00e9 et une formation intensive et rigoureuse en danse classique. Ballet Tech, de la 4e \u00e0 la 8e ann\u00e9e, combine le meilleur de l\u2019\u00e9ducation publique et de l\u2019enseignement artistique professionnel. L\u2019\u00e9cole est une collaboration entre le minist\u00e8re de l\u2019\u00c9ducation de New York, qui fournit l\u2019enseignement acad\u00e9mique, et [...]\" \/>\n<meta name=\"robots\" content=\"noindex, follow\" \/>\n<meta property=\"og:locale\" content=\"fr_FR\" \/>\n<meta property=\"og:type\" content=\"article\" \/>\n<meta property=\"og:title\" content=\"L\u2019\u00e9cole - Ballet Tech - L\u2019\u00e9cole publique de danse de New York\" \/>\n<meta property=\"og:description\" content=\"Ballet Tech, la NYC Public School for Dance, offre \u00e0 ses \u00e9tudiants une \u00e9ducation acad\u00e9mique de haute qualit\u00e9 et une formation intensive et rigoureuse en danse classique. Ballet Tech, de la 4e \u00e0 la 8e ann\u00e9e, combine le meilleur de l\u2019\u00e9ducation publique et de l\u2019enseignement artistique professionnel. L\u2019\u00e9cole est une collaboration entre le minist\u00e8re de l\u2019\u00c9ducation de New York, qui fournit l\u2019enseignement acad\u00e9mique, et [...]\" \/>\n<meta property=\"og:url\" content=\"https:\/\/ballettech.org\/fr\/lecole\/\" \/>\n<meta property=\"og:site_name\" content=\"Ballet Tech\" \/>\n<meta property=\"article:publisher\" content=\"https:\/\/www.facebook.com\/ballettech\/\" \/>\n<meta property=\"article:modified_time\" content=\"2024-11-16T06:29:16+00:00\" \/>\n<meta name=\"twitter:card\" content=\"summary_large_image\" \/>\n<script type=\"application\/ld+json\" class=\"yoast-schema-graph\">{\"@context\":\"https:\/\/schema.org\",\"@graph\":[{\"@type\":\"WebPage\",\"@id\":\"https:\/\/ballettech.org\/fr\/lecole\/\",\"url\":\"https:\/\/ballettech.org\/fr\/lecole\/\",\"name\":\"L\u2019\u00e9cole - Ballet Tech - L\u2019\u00e9cole publique de danse de New York\",\"isPartOf\":{\"@id\":\"https:\/\/ballettech.org\/#website\"},\"datePublished\":\"2024-08-12T02:05:56+00:00\",\"dateModified\":\"2024-11-16T06:29:16+00:00\",\"description\":\"Ballet Tech, la NYC Public School for Dance, offre \u00e0 ses \u00e9tudiants une \u00e9ducation acad\u00e9mique de haute qualit\u00e9 et une formation intensive et rigoureuse en danse classique. Ballet Tech, de la 4e \u00e0 la 8e ann\u00e9e, combine le meilleur de l\u2019\u00e9ducation publique et de l\u2019enseignement artistique professionnel. L\u2019\u00e9cole est une collaboration entre le minist\u00e8re de l\u2019\u00c9ducation de New York, qui fournit l\u2019enseignement acad\u00e9mique, et [...]\",\"breadcrumb\":{\"@id\":\"https:\/\/ballettech.org\/fr\/lecole\/#breadcrumb\"},\"inLanguage\":\"fr-FR\",\"potentialAction\":[{\"@type\":\"ReadAction\",\"target\":[\"https:\/\/ballettech.org\/fr\/lecole\/\"]}]},{\"@type\":\"BreadcrumbList\",\"@id\":\"https:\/\/ballettech.org\/fr\/lecole\/#breadcrumb\",\"itemListElement\":[{\"@type\":\"ListItem\",\"position\":1,\"name\":\"Home\",\"item\":\"https:\/\/ballettech.org\/fr\/domicile\/\"},{\"@type\":\"ListItem\",\"position\":2,\"name\":\"L\u2019\u00c9cole\"}]},{\"@type\":\"WebSite\",\"@id\":\"https:\/\/ballettech.org\/#website\",\"url\":\"https:\/\/ballettech.org\/\",\"name\":\"Ballet Tech - The NYC Public School for Dance\",\"description\":\"The NYC Public School for Dance\",\"publisher\":{\"@id\":\"https:\/\/ballettech.org\/#organization\"},\"potentialAction\":[{\"@type\":\"SearchAction\",\"target\":{\"@type\":\"EntryPoint\",\"urlTemplate\":\"https:\/\/ballettech.org\/?s={search_term_string}\"},\"query-input\":{\"@type\":\"PropertyValueSpecification\",\"valueRequired\":true,\"valueName\":\"search_term_string\"}}],\"inLanguage\":\"fr-FR\"},{\"@type\":\"Organization\",\"@id\":\"https:\/\/ballettech.org\/#organization\",\"name\":\"Ballet Tech School\",\"url\":\"https:\/\/ballettech.org\/\",\"logo\":{\"@type\":\"ImageObject\",\"inLanguage\":\"fr-FR\",\"@id\":\"https:\/\/ballettech.org\/#\/schema\/logo\/image\/\",\"url\":\"https:\/\/ballettech.org\/app\/uploads\/2024\/08\/logo-BT-full-1.png\",\"contentUrl\":\"https:\/\/ballettech.org\/app\/uploads\/2024\/08\/logo-BT-full-1.png\",\"width\":376,\"height\":129,\"caption\":\"Ballet Tech School\"},\"image\":{\"@id\":\"https:\/\/ballettech.org\/#\/schema\/logo\/image\/\"},\"sameAs\":[\"https:\/\/www.facebook.com\/ballettech\/\",\"https:\/\/www.youtube.com\/channel\/UCl7ro3fdsQ1MU3ZULekOpJQ\"]}]}<\/script>\n<!-- \/ Yoast SEO plugin. -->","yoast_head_json":{"title":"L\u2019\u00e9cole - Ballet Tech - L\u2019\u00e9cole publique de danse de New York","description":"Ballet Tech, la NYC Public School for Dance, offre \u00e0 ses \u00e9tudiants une \u00e9ducation acad\u00e9mique de haute qualit\u00e9 et une formation intensive et rigoureuse en danse classique. Ballet Tech, de la 4e \u00e0 la 8e ann\u00e9e, combine le meilleur de l\u2019\u00e9ducation publique et de l\u2019enseignement artistique professionnel. L\u2019\u00e9cole est une collaboration entre le minist\u00e8re de l\u2019\u00c9ducation de New York, qui fournit l\u2019enseignement acad\u00e9mique, et [...]","robots":{"index":"noindex","follow":"follow"},"og_locale":"fr_FR","og_type":"article","og_title":"L\u2019\u00e9cole - Ballet Tech - L\u2019\u00e9cole publique de danse de New York","og_description":"Ballet Tech, la NYC Public School for Dance, offre \u00e0 ses \u00e9tudiants une \u00e9ducation acad\u00e9mique de haute qualit\u00e9 et une formation intensive et rigoureuse en danse classique. Ballet Tech, de la 4e \u00e0 la 8e ann\u00e9e, combine le meilleur de l\u2019\u00e9ducation publique et de l\u2019enseignement artistique professionnel. L\u2019\u00e9cole est une collaboration entre le minist\u00e8re de l\u2019\u00c9ducation de New York, qui fournit l\u2019enseignement acad\u00e9mique, et [...]","og_url":"https:\/\/ballettech.org\/fr\/lecole\/","og_site_name":"Ballet Tech","article_publisher":"https:\/\/www.facebook.com\/ballettech\/","article_modified_time":"2024-11-16T06:29:16+00:00","twitter_card":"summary_large_image","schema":{"@context":"https:\/\/schema.org","@graph":[{"@type":"WebPage","@id":"https:\/\/ballettech.org\/fr\/lecole\/","url":"https:\/\/ballettech.org\/fr\/lecole\/","name":"L\u2019\u00e9cole - Ballet Tech - L\u2019\u00e9cole publique de danse de New York","isPartOf":{"@id":"https:\/\/ballettech.org\/#website"},"datePublished":"2024-08-12T02:05:56+00:00","dateModified":"2024-11-16T06:29:16+00:00","description":"Ballet Tech, la NYC Public School for Dance, offre \u00e0 ses \u00e9tudiants une \u00e9ducation acad\u00e9mique de haute qualit\u00e9 et une formation intensive et rigoureuse en danse classique. Ballet Tech, de la 4e \u00e0 la 8e ann\u00e9e, combine le meilleur de l\u2019\u00e9ducation publique et de l\u2019enseignement artistique professionnel. L\u2019\u00e9cole est une collaboration entre le minist\u00e8re de l\u2019\u00c9ducation de New York, qui fournit l\u2019enseignement acad\u00e9mique, et [...]","breadcrumb":{"@id":"https:\/\/ballettech.org\/fr\/lecole\/#breadcrumb"},"inLanguage":"fr-FR","potentialAction":[{"@type":"ReadAction","target":["https:\/\/ballettech.org\/fr\/lecole\/"]}]},{"@type":"BreadcrumbList","@id":"https:\/\/ballettech.org\/fr\/lecole\/#breadcrumb","itemListElement":[{"@type":"ListItem","position":1,"name":"Home","item":"https:\/\/ballettech.org\/fr\/domicile\/"},{"@type":"ListItem","position":2,"name":"L\u2019\u00c9cole"}]},{"@type":"WebSite","@id":"https:\/\/ballettech.org\/#website","url":"https:\/\/ballettech.org\/","name":"Ballet Tech - The NYC Public School for Dance","description":"The NYC Public School for Dance","publisher":{"@id":"https:\/\/ballettech.org\/#organization"},"potentialAction":[{"@type":"SearchAction","target":{"@type":"EntryPoint","urlTemplate":"https:\/\/ballettech.org\/?s={search_term_string}"},"query-input":{"@type":"PropertyValueSpecification","valueRequired":true,"valueName":"search_term_string"}}],"inLanguage":"fr-FR"},{"@type":"Organization","@id":"https:\/\/ballettech.org\/#organization","name":"Ballet Tech School","url":"https:\/\/ballettech.org\/","logo":{"@type":"ImageObject","inLanguage":"fr-FR","@id":"https:\/\/ballettech.org\/#\/schema\/logo\/image\/","url":"https:\/\/ballettech.org\/app\/uploads\/2024\/08\/logo-BT-full-1.png","contentUrl":"https:\/\/ballettech.org\/app\/uploads\/2024\/08\/logo-BT-full-1.png","width":376,"height":129,"caption":"Ballet Tech School"},"image":{"@id":"https:\/\/ballettech.org\/#\/schema\/logo\/image\/"},"sameAs":["https:\/\/www.facebook.com\/ballettech\/","https:\/\/www.youtube.com\/channel\/UCl7ro3fdsQ1MU3ZULekOpJQ"]}]}},"_links":{"self":[{"href":"https:\/\/ballettech.org\/fr\/wp-json\/wp\/v2\/pages\/14210","targetHints":{"allow":["GET"]}}],"collection":[{"href":"https:\/\/ballettech.org\/fr\/wp-json\/wp\/v2\/pages"}],"about":[{"href":"https:\/\/ballettech.org\/fr\/wp-json\/wp\/v2\/types\/page"}],"author":[{"embeddable":true,"href":"https:\/\/ballettech.org\/fr\/wp-json\/wp\/v2\/users\/1"}],"replies":[{"embeddable":true,"href":"https:\/\/ballettech.org\/fr\/wp-json\/wp\/v2\/comments?post=14210"}],"version-history":[{"count":1,"href":"https:\/\/ballettech.org\/fr\/wp-json\/wp\/v2\/pages\/14210\/revisions"}],"predecessor-version":[{"id":14211,"href":"https:\/\/ballettech.org\/fr\/wp-json\/wp\/v2\/pages\/14210\/revisions\/14211"}],"wp:attachment":[{"href":"https:\/\/ballettech.org\/fr\/wp-json\/wp\/v2\/media?parent=14210"}],"curies":[{"name":"wp","href":"https:\/\/api.w.org\/{rel}","templated":true}]}}