{"id":15546,"date":"2024-09-01T03:47:01","date_gmt":"2024-09-01T03:47:01","guid":{"rendered":"https:\/\/bt-staging.flywheelsites.com\/lecole\/en-route-vers-le-succes\/"},"modified":"2024-11-16T06:29:25","modified_gmt":"2024-11-16T06:29:25","slug":"en-route-vers-le-succes","status":"publish","type":"page","link":"https:\/\/ballettech.org\/fr\/lecole\/en-route-vers-le-succes\/","title":{"rendered":"En route vers le succ\u00e8s"},"content":{"rendered":"\n<div class=\"wp-block-media-text is-stacked-on-mobile\"><figure class=\"wp-block-media-text__media\"><img decoding=\"async\" src=\"https:\/\/ballettech.org\/wp-content\/uploads\/2024\/09\/coursehandbooks-1-1024x685.jpeg\" alt=\"\" class=\"wp-image-630 size-full\"><\/figure><div class=\"wp-block-media-text__content\">\n<p>Les chemins du succ\u00e8s<br>Notre mission est d\u2019offrir une programmation acad\u00e9mique et r\u00e9cr\u00e9ative enrichissante pour favoriser le d\u00e9veloppement scolaire, social, \u00e9motionnel et professionnel des jeunes. Nous mobilisons les jeunes esprits pour les aider \u00e0 devenir plus confiants, plus responsables et plus int\u00e9ress\u00e9s par le monde qui les entoure. Il n\u2019y a rien de plus puissant pour avoir un impact sur la vie des jeunes qu\u2019en nourrissant et en prenant soin de mod\u00e8les dans leur vie. Nos \u00e9l\u00e8ves, nos familles et notre personnel b\u00e9n\u00e9ficient au maximum de l\u2019impact de nos services et de la force de notre communaut\u00e9.<br>Directeur du site : Ciriaco Watson<br>Roads To Success (RTS) est une organisation \u00e0 but non lucratif qui fournit des services parascolaires \u00e0 Ballet Tech sur place. Le programme fonctionne de 14h35 \u00e0 18h00 du lundi au vendredi.<br>RTS offre les services suivants&nbsp;: aide aux devoirs, enrichissement de l\u2019alphab\u00e9tisation, th\u00e9\u00e2tre, arts et bricolage, jeux et collations.<br>S\u2019inscrire \u00e0 RTS<br><\/p>\n\n\n\n<p>L\u2019inscription \u00e0 Roads to Success est payante. La Ballet Tech Foundation subventionne environ 50 % du co\u00fbt du programme afin de maintenir les frais de scolarit\u00e9 \u00e0 un taux raisonnable pour les familles. Cette ann\u00e9e, les familles auront deux options d\u2019inscription : 14h35 \u00e0 17h30 ou 14h35 \u00e0 18h00.<br>L\u2019inscription au programme de 3 heures co\u00fbtera aux familles 1750 $ pour l\u2019ann\u00e9e scolaire compl\u00e8te, soit 175 $ par mois. L\u2019inscription dans le cr\u00e9neau horaire de 3,5 heures co\u00fbtera aux familles 2000 $ pour l\u2019ann\u00e9e scolaire compl\u00e8te, soit 200 $ par mois. Si vous payez toute l\u2019ann\u00e9e \u00e0 l\u2019avance, vous b\u00e9n\u00e9ficierez d\u2019une r\u00e9duction de 10%.<br>Si vous souhaitez inscrire votre enfant \u00e0 la RTS, veuillez appeler le bureau de ballet au 212-777-7710.<\/p>\n\n\n\n<p><\/p>\n<\/div><\/div>\n","protected":false},"excerpt":{"rendered":"<p>Les chemins du succ\u00e8sNotre mission est d\u2019offrir une programmation acad\u00e9mique et r\u00e9cr\u00e9ative enrichissante pour favoriser le d\u00e9veloppement scolaire, social, \u00e9motionnel et professionnel des jeunes. Nous mobilisons les jeunes esprits pour [&hellip;]<\/p>\n","protected":false},"author":1,"featured_media":65678,"parent":14210,"menu_order":0,"comment_status":"closed","ping_status":"closed","template":"","meta":{"_acf_changed":false,"footnotes":""},"class_list":["post-15546","page","type-page","status-publish","has-post-thumbnail","hentry"],"acf":[],"yoast_head":"<!-- This site is optimized with the Yoast SEO plugin v26.9 - https:\/\/yoast.com\/product\/yoast-seo-wordpress\/ -->\n<title>En route vers le succ\u00e8s - Ballet Tech<\/title>\n<meta name=\"description\" content=\"Roads to Success est une organisation \u00e0 but non lucratif qui fournit des services parascolaires \u00e0 Ballet Tech sur place. Notre mission est d\u2019offrir une programmation acad\u00e9mique et r\u00e9cr\u00e9ative enrichissante pour favoriser le d\u00e9veloppement scolaire, social, \u00e9motionnel et professionnel des jeunes.\" \/>\n<meta name=\"robots\" content=\"index, follow, max-snippet:-1, max-image-preview:large, max-video-preview:-1\" \/>\n<link rel=\"canonical\" href=\"https:\/\/ballettech.org\/fr\/lecole\/en-route-vers-le-succes\/\" \/>\n<meta property=\"og:locale\" content=\"fr_FR\" \/>\n<meta property=\"og:type\" content=\"article\" \/>\n<meta property=\"og:title\" content=\"En route vers le succ\u00e8s - Ballet Tech\" \/>\n<meta property=\"og:description\" content=\"Roads to Success est une organisation \u00e0 but non lucratif qui fournit des services parascolaires \u00e0 Ballet Tech sur place. Notre mission est d\u2019offrir une programmation acad\u00e9mique et r\u00e9cr\u00e9ative enrichissante pour favoriser le d\u00e9veloppement scolaire, social, \u00e9motionnel et professionnel des jeunes.\" \/>\n<meta property=\"og:url\" content=\"https:\/\/ballettech.org\/fr\/lecole\/en-route-vers-le-succes\/\" \/>\n<meta property=\"og:site_name\" content=\"Ballet Tech\" \/>\n<meta property=\"article:publisher\" content=\"https:\/\/www.facebook.com\/ballettech\/\" \/>\n<meta property=\"article:modified_time\" content=\"2024-11-16T06:29:25+00:00\" \/>\n<meta property=\"og:image\" content=\"https:\/\/ballettech.org\/wp-content\/uploads\/2024\/09\/coursehandbooks-1-1024x685.jpeg\" \/>\n<meta name=\"twitter:card\" content=\"summary_large_image\" \/>\n<meta name=\"twitter:label1\" content=\"Est. reading time\" \/>\n\t<meta name=\"twitter:data1\" content=\"1 minute\" \/>\n<script type=\"application\/ld+json\" class=\"yoast-schema-graph\">{\"@context\":\"https:\/\/schema.org\",\"@graph\":[{\"@type\":\"WebPage\",\"@id\":\"https:\/\/ballettech.org\/fr\/lecole\/en-route-vers-le-succes\/\",\"url\":\"https:\/\/ballettech.org\/fr\/lecole\/en-route-vers-le-succes\/\",\"name\":\"En route vers le succ\u00e8s - Ballet Tech\",\"isPartOf\":{\"@id\":\"https:\/\/ballettech.org\/#website\"},\"primaryImageOfPage\":{\"@id\":\"https:\/\/ballettech.org\/fr\/lecole\/en-route-vers-le-succes\/#primaryimage\"},\"image\":{\"@id\":\"https:\/\/ballettech.org\/fr\/lecole\/en-route-vers-le-succes\/#primaryimage\"},\"thumbnailUrl\":\"https:\/\/ballettech.org\/app\/uploads\/2024\/09\/coursehandbooks.jpeg\",\"datePublished\":\"2024-09-01T03:47:01+00:00\",\"dateModified\":\"2024-11-16T06:29:25+00:00\",\"description\":\"Roads to Success est une organisation \u00e0 but non lucratif qui fournit des services parascolaires \u00e0 Ballet Tech sur place. Notre mission est d\u2019offrir une programmation acad\u00e9mique et r\u00e9cr\u00e9ative enrichissante pour favoriser le d\u00e9veloppement scolaire, social, \u00e9motionnel et professionnel des jeunes.\",\"breadcrumb\":{\"@id\":\"https:\/\/ballettech.org\/fr\/lecole\/en-route-vers-le-succes\/#breadcrumb\"},\"inLanguage\":\"fr-FR\",\"potentialAction\":[{\"@type\":\"ReadAction\",\"target\":[\"https:\/\/ballettech.org\/fr\/lecole\/en-route-vers-le-succes\/\"]}]},{\"@type\":\"ImageObject\",\"inLanguage\":\"fr-FR\",\"@id\":\"https:\/\/ballettech.org\/fr\/lecole\/en-route-vers-le-succes\/#primaryimage\",\"url\":\"https:\/\/ballettech.org\/app\/uploads\/2024\/09\/coursehandbooks.jpeg\",\"contentUrl\":\"https:\/\/ballettech.org\/app\/uploads\/2024\/09\/coursehandbooks.jpeg\",\"width\":2560,\"height\":1714},{\"@type\":\"BreadcrumbList\",\"@id\":\"https:\/\/ballettech.org\/fr\/lecole\/en-route-vers-le-succes\/#breadcrumb\",\"itemListElement\":[{\"@type\":\"ListItem\",\"position\":1,\"name\":\"Home\",\"item\":\"https:\/\/ballettech.org\/fr\/domicile\/\"},{\"@type\":\"ListItem\",\"position\":2,\"name\":\"L\u2019\u00c9cole\",\"item\":\"https:\/\/ballettech.org\/fr\/lecole\/\"},{\"@type\":\"ListItem\",\"position\":3,\"name\":\"En route vers le succ\u00e8s\"}]},{\"@type\":\"WebSite\",\"@id\":\"https:\/\/ballettech.org\/#website\",\"url\":\"https:\/\/ballettech.org\/\",\"name\":\"Ballet Tech - The NYC Public School for Dance\",\"description\":\"The NYC Public School for Dance\",\"publisher\":{\"@id\":\"https:\/\/ballettech.org\/#organization\"},\"potentialAction\":[{\"@type\":\"SearchAction\",\"target\":{\"@type\":\"EntryPoint\",\"urlTemplate\":\"https:\/\/ballettech.org\/?s={search_term_string}\"},\"query-input\":{\"@type\":\"PropertyValueSpecification\",\"valueRequired\":true,\"valueName\":\"search_term_string\"}}],\"inLanguage\":\"fr-FR\"},{\"@type\":\"Organization\",\"@id\":\"https:\/\/ballettech.org\/#organization\",\"name\":\"Ballet Tech School\",\"url\":\"https:\/\/ballettech.org\/\",\"logo\":{\"@type\":\"ImageObject\",\"inLanguage\":\"fr-FR\",\"@id\":\"https:\/\/ballettech.org\/#\/schema\/logo\/image\/\",\"url\":\"https:\/\/ballettech.org\/app\/uploads\/2024\/08\/logo-BT-full-1.png\",\"contentUrl\":\"https:\/\/ballettech.org\/app\/uploads\/2024\/08\/logo-BT-full-1.png\",\"width\":376,\"height\":129,\"caption\":\"Ballet Tech School\"},\"image\":{\"@id\":\"https:\/\/ballettech.org\/#\/schema\/logo\/image\/\"},\"sameAs\":[\"https:\/\/www.facebook.com\/ballettech\/\",\"https:\/\/www.youtube.com\/channel\/UCl7ro3fdsQ1MU3ZULekOpJQ\"]}]}<\/script>\n<!-- \/ Yoast SEO plugin. -->","yoast_head_json":{"title":"En route vers le succ\u00e8s - Ballet Tech","description":"Roads to Success est une organisation \u00e0 but non lucratif qui fournit des services parascolaires \u00e0 Ballet Tech sur place. Notre mission est d\u2019offrir une programmation acad\u00e9mique et r\u00e9cr\u00e9ative enrichissante pour favoriser le d\u00e9veloppement scolaire, social, \u00e9motionnel et professionnel des jeunes.","robots":{"index":"index","follow":"follow","max-snippet":"max-snippet:-1","max-image-preview":"max-image-preview:large","max-video-preview":"max-video-preview:-1"},"canonical":"https:\/\/ballettech.org\/fr\/lecole\/en-route-vers-le-succes\/","og_locale":"fr_FR","og_type":"article","og_title":"En route vers le succ\u00e8s - Ballet Tech","og_description":"Roads to Success est une organisation \u00e0 but non lucratif qui fournit des services parascolaires \u00e0 Ballet Tech sur place. Notre mission est d\u2019offrir une programmation acad\u00e9mique et r\u00e9cr\u00e9ative enrichissante pour favoriser le d\u00e9veloppement scolaire, social, \u00e9motionnel et professionnel des jeunes.","og_url":"https:\/\/ballettech.org\/fr\/lecole\/en-route-vers-le-succes\/","og_site_name":"Ballet Tech","article_publisher":"https:\/\/www.facebook.com\/ballettech\/","article_modified_time":"2024-11-16T06:29:25+00:00","og_image":[{"url":"https:\/\/ballettech.org\/wp-content\/uploads\/2024\/09\/coursehandbooks-1-1024x685.jpeg","type":"","width":"","height":""}],"twitter_card":"summary_large_image","twitter_misc":{"Est. reading time":"1 minute"},"schema":{"@context":"https:\/\/schema.org","@graph":[{"@type":"WebPage","@id":"https:\/\/ballettech.org\/fr\/lecole\/en-route-vers-le-succes\/","url":"https:\/\/ballettech.org\/fr\/lecole\/en-route-vers-le-succes\/","name":"En route vers le succ\u00e8s - Ballet Tech","isPartOf":{"@id":"https:\/\/ballettech.org\/#website"},"primaryImageOfPage":{"@id":"https:\/\/ballettech.org\/fr\/lecole\/en-route-vers-le-succes\/#primaryimage"},"image":{"@id":"https:\/\/ballettech.org\/fr\/lecole\/en-route-vers-le-succes\/#primaryimage"},"thumbnailUrl":"https:\/\/ballettech.org\/app\/uploads\/2024\/09\/coursehandbooks.jpeg","datePublished":"2024-09-01T03:47:01+00:00","dateModified":"2024-11-16T06:29:25+00:00","description":"Roads to Success est une organisation \u00e0 but non lucratif qui fournit des services parascolaires \u00e0 Ballet Tech sur place. Notre mission est d\u2019offrir une programmation acad\u00e9mique et r\u00e9cr\u00e9ative enrichissante pour favoriser le d\u00e9veloppement scolaire, social, \u00e9motionnel et professionnel des jeunes.","breadcrumb":{"@id":"https:\/\/ballettech.org\/fr\/lecole\/en-route-vers-le-succes\/#breadcrumb"},"inLanguage":"fr-FR","potentialAction":[{"@type":"ReadAction","target":["https:\/\/ballettech.org\/fr\/lecole\/en-route-vers-le-succes\/"]}]},{"@type":"ImageObject","inLanguage":"fr-FR","@id":"https:\/\/ballettech.org\/fr\/lecole\/en-route-vers-le-succes\/#primaryimage","url":"https:\/\/ballettech.org\/app\/uploads\/2024\/09\/coursehandbooks.jpeg","contentUrl":"https:\/\/ballettech.org\/app\/uploads\/2024\/09\/coursehandbooks.jpeg","width":2560,"height":1714},{"@type":"BreadcrumbList","@id":"https:\/\/ballettech.org\/fr\/lecole\/en-route-vers-le-succes\/#breadcrumb","itemListElement":[{"@type":"ListItem","position":1,"name":"Home","item":"https:\/\/ballettech.org\/fr\/domicile\/"},{"@type":"ListItem","position":2,"name":"L\u2019\u00c9cole","item":"https:\/\/ballettech.org\/fr\/lecole\/"},{"@type":"ListItem","position":3,"name":"En route vers le succ\u00e8s"}]},{"@type":"WebSite","@id":"https:\/\/ballettech.org\/#website","url":"https:\/\/ballettech.org\/","name":"Ballet Tech - The NYC Public School for Dance","description":"The NYC Public School for Dance","publisher":{"@id":"https:\/\/ballettech.org\/#organization"},"potentialAction":[{"@type":"SearchAction","target":{"@type":"EntryPoint","urlTemplate":"https:\/\/ballettech.org\/?s={search_term_string}"},"query-input":{"@type":"PropertyValueSpecification","valueRequired":true,"valueName":"search_term_string"}}],"inLanguage":"fr-FR"},{"@type":"Organization","@id":"https:\/\/ballettech.org\/#organization","name":"Ballet Tech School","url":"https:\/\/ballettech.org\/","logo":{"@type":"ImageObject","inLanguage":"fr-FR","@id":"https:\/\/ballettech.org\/#\/schema\/logo\/image\/","url":"https:\/\/ballettech.org\/app\/uploads\/2024\/08\/logo-BT-full-1.png","contentUrl":"https:\/\/ballettech.org\/app\/uploads\/2024\/08\/logo-BT-full-1.png","width":376,"height":129,"caption":"Ballet Tech School"},"image":{"@id":"https:\/\/ballettech.org\/#\/schema\/logo\/image\/"},"sameAs":["https:\/\/www.facebook.com\/ballettech\/","https:\/\/www.youtube.com\/channel\/UCl7ro3fdsQ1MU3ZULekOpJQ"]}]}},"_links":{"self":[{"href":"https:\/\/ballettech.org\/fr\/wp-json\/wp\/v2\/pages\/15546","targetHints":{"allow":["GET"]}}],"collection":[{"href":"https:\/\/ballettech.org\/fr\/wp-json\/wp\/v2\/pages"}],"about":[{"href":"https:\/\/ballettech.org\/fr\/wp-json\/wp\/v2\/types\/page"}],"author":[{"embeddable":true,"href":"https:\/\/ballettech.org\/fr\/wp-json\/wp\/v2\/users\/1"}],"replies":[{"embeddable":true,"href":"https:\/\/ballettech.org\/fr\/wp-json\/wp\/v2\/comments?post=15546"}],"version-history":[{"count":1,"href":"https:\/\/ballettech.org\/fr\/wp-json\/wp\/v2\/pages\/15546\/revisions"}],"predecessor-version":[{"id":15549,"href":"https:\/\/ballettech.org\/fr\/wp-json\/wp\/v2\/pages\/15546\/revisions\/15549"}],"up":[{"embeddable":true,"href":"https:\/\/ballettech.org\/fr\/wp-json\/wp\/v2\/pages\/14210"}],"wp:featuredmedia":[{"embeddable":true,"href":"https:\/\/ballettech.org\/fr\/wp-json\/wp\/v2\/media\/65678"}],"wp:attachment":[{"href":"https:\/\/ballettech.org\/fr\/wp-json\/wp\/v2\/media?parent=15546"}],"curies":[{"name":"wp","href":"https:\/\/api.w.org\/{rel}","templated":true}]}}