{"id":19470,"date":"2024-11-08T01:44:49","date_gmt":"2024-11-08T01:44:49","guid":{"rendered":"https:\/\/admin.ballettech.org\/lecole\/repertoire-du-corps-professoral-et-du-personnel\/"},"modified":"2024-11-26T04:56:28","modified_gmt":"2024-11-26T04:56:28","slug":"repertoire-du-corps-professoral-et-du-personnel","status":"publish","type":"page","link":"https:\/\/ballettech.org\/fr\/lecole\/repertoire-du-corps-professoral-et-du-personnel\/","title":{"rendered":"R\u00e9pertoire du corps professoral et du personnel"},"content":{"rendered":"\n<p>Notre corps professoral et notre personnel estim\u00e9s se consacrent \u00e0 fournir un enseignement exceptionnel adapt\u00e9 aux besoins de d\u00e9veloppement des \u00e9l\u00e8ves du primaire et du coll\u00e8ge, favorisant une atmosph\u00e8re de soutien et d\u2019inclusion o\u00f9 chaque enfant peut s\u2019\u00e9panouir.<\/p>\n\n\n\n<p><\/p>\n","protected":false},"excerpt":{"rendered":"<p>Notre corps professoral et notre personnel estim\u00e9s se consacrent \u00e0 fournir un enseignement exceptionnel adapt\u00e9 aux besoins de d\u00e9veloppement des \u00e9l\u00e8ves du primaire et du coll\u00e8ge, favorisant une atmosph\u00e8re de [&hellip;]<\/p>\n","protected":false},"author":5,"featured_media":0,"parent":14210,"menu_order":0,"comment_status":"closed","ping_status":"closed","template":"","meta":{"_acf_changed":false,"footnotes":""},"class_list":["post-19470","page","type-page","status-publish","hentry"],"acf":[],"yoast_head":"<!-- This site is optimized with the Yoast SEO plugin v26.9 - https:\/\/yoast.com\/product\/yoast-seo-wordpress\/ -->\n<title>R\u00e9pertoire du corps professoral et du personnel - Ballet Tech<\/title>\n<meta name=\"robots\" content=\"index, follow, max-snippet:-1, max-image-preview:large, max-video-preview:-1\" \/>\n<link rel=\"canonical\" href=\"https:\/\/ballettech.org\/fr\/?page_id=19470\" \/>\n<meta property=\"og:locale\" content=\"fr_FR\" \/>\n<meta property=\"og:type\" content=\"article\" \/>\n<meta property=\"og:title\" content=\"R\u00e9pertoire du corps professoral et du personnel - Ballet Tech\" \/>\n<meta property=\"og:description\" content=\"Notre corps professoral et notre personnel estim\u00e9s se consacrent \u00e0 fournir un enseignement exceptionnel adapt\u00e9 aux besoins de d\u00e9veloppement des \u00e9l\u00e8ves du primaire et du coll\u00e8ge, favorisant une atmosph\u00e8re de [&hellip;]\" \/>\n<meta property=\"og:url\" content=\"https:\/\/ballettech.org\/fr\/?page_id=19470\" \/>\n<meta property=\"og:site_name\" content=\"Ballet Tech\" \/>\n<meta property=\"article:publisher\" content=\"https:\/\/www.facebook.com\/ballettech\/\" \/>\n<meta property=\"article:modified_time\" content=\"2024-11-26T04:56:28+00:00\" \/>\n<meta name=\"twitter:card\" content=\"summary_large_image\" \/>\n<script type=\"application\/ld+json\" class=\"yoast-schema-graph\">{\"@context\":\"https:\/\/schema.org\",\"@graph\":[{\"@type\":\"WebPage\",\"@id\":\"https:\/\/ballettech.org\/fr\/?page_id=19470\",\"url\":\"https:\/\/ballettech.org\/fr\/?page_id=19470\",\"name\":\"R\u00e9pertoire du corps professoral et du personnel - Ballet Tech\",\"isPartOf\":{\"@id\":\"https:\/\/ballettech.org\/#website\"},\"datePublished\":\"2024-11-08T01:44:49+00:00\",\"dateModified\":\"2024-11-26T04:56:28+00:00\",\"breadcrumb\":{\"@id\":\"https:\/\/ballettech.org\/fr\/?page_id=19470#breadcrumb\"},\"inLanguage\":\"fr-FR\",\"potentialAction\":[{\"@type\":\"ReadAction\",\"target\":[\"https:\/\/ballettech.org\/fr\/?page_id=19470\"]}]},{\"@type\":\"BreadcrumbList\",\"@id\":\"https:\/\/ballettech.org\/fr\/?page_id=19470#breadcrumb\",\"itemListElement\":[{\"@type\":\"ListItem\",\"position\":1,\"name\":\"Home\",\"item\":\"https:\/\/ballettech.org\/fr\/domicile\/\"},{\"@type\":\"ListItem\",\"position\":2,\"name\":\"L\u2019\u00c9cole\",\"item\":\"https:\/\/ballettech.org\/fr\/lecole\/\"},{\"@type\":\"ListItem\",\"position\":3,\"name\":\"R\u00e9pertoire du corps professoral et du personnel\"}]},{\"@type\":\"WebSite\",\"@id\":\"https:\/\/ballettech.org\/#website\",\"url\":\"https:\/\/ballettech.org\/\",\"name\":\"Ballet Tech - The NYC Public School for Dance\",\"description\":\"The NYC Public School for Dance\",\"publisher\":{\"@id\":\"https:\/\/ballettech.org\/#organization\"},\"potentialAction\":[{\"@type\":\"SearchAction\",\"target\":{\"@type\":\"EntryPoint\",\"urlTemplate\":\"https:\/\/ballettech.org\/?s={search_term_string}\"},\"query-input\":{\"@type\":\"PropertyValueSpecification\",\"valueRequired\":true,\"valueName\":\"search_term_string\"}}],\"inLanguage\":\"fr-FR\"},{\"@type\":\"Organization\",\"@id\":\"https:\/\/ballettech.org\/#organization\",\"name\":\"Ballet Tech School\",\"url\":\"https:\/\/ballettech.org\/\",\"logo\":{\"@type\":\"ImageObject\",\"inLanguage\":\"fr-FR\",\"@id\":\"https:\/\/ballettech.org\/#\/schema\/logo\/image\/\",\"url\":\"https:\/\/ballettech.org\/app\/uploads\/2024\/08\/logo-BT-full-1.png\",\"contentUrl\":\"https:\/\/ballettech.org\/app\/uploads\/2024\/08\/logo-BT-full-1.png\",\"width\":376,\"height\":129,\"caption\":\"Ballet Tech School\"},\"image\":{\"@id\":\"https:\/\/ballettech.org\/#\/schema\/logo\/image\/\"},\"sameAs\":[\"https:\/\/www.facebook.com\/ballettech\/\",\"https:\/\/www.youtube.com\/channel\/UCl7ro3fdsQ1MU3ZULekOpJQ\"]}]}<\/script>\n<!-- \/ Yoast SEO plugin. -->","yoast_head_json":{"title":"R\u00e9pertoire du corps professoral et du personnel - Ballet Tech","robots":{"index":"index","follow":"follow","max-snippet":"max-snippet:-1","max-image-preview":"max-image-preview:large","max-video-preview":"max-video-preview:-1"},"canonical":"https:\/\/ballettech.org\/fr\/?page_id=19470","og_locale":"fr_FR","og_type":"article","og_title":"R\u00e9pertoire du corps professoral et du personnel - Ballet Tech","og_description":"Notre corps professoral et notre personnel estim\u00e9s se consacrent \u00e0 fournir un enseignement exceptionnel adapt\u00e9 aux besoins de d\u00e9veloppement des \u00e9l\u00e8ves du primaire et du coll\u00e8ge, favorisant une atmosph\u00e8re de [&hellip;]","og_url":"https:\/\/ballettech.org\/fr\/?page_id=19470","og_site_name":"Ballet Tech","article_publisher":"https:\/\/www.facebook.com\/ballettech\/","article_modified_time":"2024-11-26T04:56:28+00:00","twitter_card":"summary_large_image","schema":{"@context":"https:\/\/schema.org","@graph":[{"@type":"WebPage","@id":"https:\/\/ballettech.org\/fr\/?page_id=19470","url":"https:\/\/ballettech.org\/fr\/?page_id=19470","name":"R\u00e9pertoire du corps professoral et du personnel - Ballet Tech","isPartOf":{"@id":"https:\/\/ballettech.org\/#website"},"datePublished":"2024-11-08T01:44:49+00:00","dateModified":"2024-11-26T04:56:28+00:00","breadcrumb":{"@id":"https:\/\/ballettech.org\/fr\/?page_id=19470#breadcrumb"},"inLanguage":"fr-FR","potentialAction":[{"@type":"ReadAction","target":["https:\/\/ballettech.org\/fr\/?page_id=19470"]}]},{"@type":"BreadcrumbList","@id":"https:\/\/ballettech.org\/fr\/?page_id=19470#breadcrumb","itemListElement":[{"@type":"ListItem","position":1,"name":"Home","item":"https:\/\/ballettech.org\/fr\/domicile\/"},{"@type":"ListItem","position":2,"name":"L\u2019\u00c9cole","item":"https:\/\/ballettech.org\/fr\/lecole\/"},{"@type":"ListItem","position":3,"name":"R\u00e9pertoire du corps professoral et du personnel"}]},{"@type":"WebSite","@id":"https:\/\/ballettech.org\/#website","url":"https:\/\/ballettech.org\/","name":"Ballet Tech - The NYC Public School for Dance","description":"The NYC Public School for Dance","publisher":{"@id":"https:\/\/ballettech.org\/#organization"},"potentialAction":[{"@type":"SearchAction","target":{"@type":"EntryPoint","urlTemplate":"https:\/\/ballettech.org\/?s={search_term_string}"},"query-input":{"@type":"PropertyValueSpecification","valueRequired":true,"valueName":"search_term_string"}}],"inLanguage":"fr-FR"},{"@type":"Organization","@id":"https:\/\/ballettech.org\/#organization","name":"Ballet Tech School","url":"https:\/\/ballettech.org\/","logo":{"@type":"ImageObject","inLanguage":"fr-FR","@id":"https:\/\/ballettech.org\/#\/schema\/logo\/image\/","url":"https:\/\/ballettech.org\/app\/uploads\/2024\/08\/logo-BT-full-1.png","contentUrl":"https:\/\/ballettech.org\/app\/uploads\/2024\/08\/logo-BT-full-1.png","width":376,"height":129,"caption":"Ballet Tech School"},"image":{"@id":"https:\/\/ballettech.org\/#\/schema\/logo\/image\/"},"sameAs":["https:\/\/www.facebook.com\/ballettech\/","https:\/\/www.youtube.com\/channel\/UCl7ro3fdsQ1MU3ZULekOpJQ"]}]}},"_links":{"self":[{"href":"https:\/\/ballettech.org\/fr\/wp-json\/wp\/v2\/pages\/19470","targetHints":{"allow":["GET"]}}],"collection":[{"href":"https:\/\/ballettech.org\/fr\/wp-json\/wp\/v2\/pages"}],"about":[{"href":"https:\/\/ballettech.org\/fr\/wp-json\/wp\/v2\/types\/page"}],"author":[{"embeddable":true,"href":"https:\/\/ballettech.org\/fr\/wp-json\/wp\/v2\/users\/5"}],"replies":[{"embeddable":true,"href":"https:\/\/ballettech.org\/fr\/wp-json\/wp\/v2\/comments?post=19470"}],"version-history":[{"count":1,"href":"https:\/\/ballettech.org\/fr\/wp-json\/wp\/v2\/pages\/19470\/revisions"}],"predecessor-version":[{"id":19472,"href":"https:\/\/ballettech.org\/fr\/wp-json\/wp\/v2\/pages\/19470\/revisions\/19472"}],"up":[{"embeddable":true,"href":"https:\/\/ballettech.org\/fr\/wp-json\/wp\/v2\/pages\/14210"}],"wp:attachment":[{"href":"https:\/\/ballettech.org\/fr\/wp-json\/wp\/v2\/media?parent=19470"}],"curies":[{"name":"wp","href":"https:\/\/api.w.org\/{rel}","templated":true}]}}