{"id":15543,"date":"2024-09-01T03:47:01","date_gmt":"2024-09-01T03:47:01","guid":{"rendered":"https:\/\/bt-staging.flywheelsites.com\/lekol-la\/wout-pou-sikse\/"},"modified":"2024-11-16T06:29:17","modified_gmt":"2024-11-16T06:29:17","slug":"wout-pou-sikse","status":"publish","type":"page","link":"https:\/\/ballettech.org\/ht\/lekol-la\/wout-pou-sikse\/","title":{"rendered":"Wout pou siks\u00e8"},"content":{"rendered":"\n<div class=\"wp-block-media-text is-stacked-on-mobile\"><figure class=\"wp-block-media-text__media\"><img decoding=\"async\" src=\"https:\/\/ballettech.org\/wp-content\/uploads\/2024\/09\/coursehandbooks-1-1024x685.jpeg\" alt=\"\" class=\"wp-image-630 size-full\"><\/figure><div class=\"wp-block-media-text__content\">\n<p>Wout pou siks\u00e8<br>Misyon nou se delivre pwogram akademik ak rekreyasyon pou ankouraje devlopman akademik, sosyal, emosyon\u00e8l ak pwofesyon\u00e8l nan j\u00e8n moun. Nou angaje j\u00e8n lespri yo pou ede yo vin gen plis konfyans, pi responsab ak plis enterese nan mond lan b\u00f2 kote yo. Pa gen anyen ki pi plis nan afekte lavi j\u00e8n moun pase pa nouri ak mod\u00e8l w\u00f2l k ap pran swen nan lavi yo. El\u00e8v nou yo, fanmi yo ak eksperyans anplwaye yo f\u00e8 eksperyans enpak maksim\u00f2m s\u00e8vis nou yo ak f\u00f2s kominote nou an.<br>Direkt\u00e8 Sit: Ciriaco Watson<br>Wout pou Siks\u00e8 (RTS) se yon \u00f2ganizasyon ki pa peye-pwofi ki bay s\u00e8vis apre lek\u00f2l nan Ballet Tech sou plas. Pwogram nan opere soti nan 2:35pm a 6:00pm Lendi jiska Vandredi.<br>RTS bay s\u00e8vis sa yo: \u00e8d devwa, anrichisman alfabetizasyon, dram, atizana &amp;atizana, jw\u00e8t, ak ti goute.<br>Enskri nan RTS<br><\/p>\n\n\n\n<p>Enskripsyon nan wout pou siks\u00e8 mande pou yon fr\u00e8. Fondasyon Ballet Tech sibvansyone apepr\u00e8 50% nan pri a nan pwogram nan kenbe ekolaj la nan yon pousantaj rezonab pou fanmi yo. Ane sa a, fanmi yo ap gen de tan opsyon enskripsyon plasman &#8211; 2:35pm &#8211; 5:30 pm oswa 2:35pm-6:00pm.<br>Enskripsyon nan pwogram 3 \u00e8dtan an ap koute $1750 pou tout ane lek\u00f2l la, oswa $175 pa mwa. Enskripsyon nan plasman 3.5 \u00e8dtan ap koute fanmi $2000 pou tout ane lek\u00f2l la, oswa $200 pou chak mwa. Si ou peye pou tout ane a davans, ou pral resevwa yon rab\u00e8 10% .<br>Si ou enterese enskri pitit ou a nan RTS, tanpri rele biwo bal\u00e8 a nan 212-777-7710.<\/p>\n\n\n\n<p><\/p>\n<\/div><\/div>\n","protected":false},"excerpt":{"rendered":"<p>Wout pou siks\u00e8Misyon nou se delivre pwogram akademik ak rekreyasyon pou ankouraje devlopman akademik, sosyal, emosyon\u00e8l ak pwofesyon\u00e8l nan j\u00e8n moun. Nou angaje j\u00e8n lespri yo pou ede yo vin [&hellip;]<\/p>\n","protected":false},"author":1,"featured_media":65679,"parent":14194,"menu_order":0,"comment_status":"closed","ping_status":"closed","template":"","meta":{"_acf_changed":false,"footnotes":""},"class_list":["post-15543","page","type-page","status-publish","has-post-thumbnail","hentry"],"acf":[],"yoast_head":"<!-- This site is optimized with the Yoast SEO plugin v26.8 - https:\/\/yoast.com\/product\/yoast-seo-wordpress\/ -->\n<title>Wout pou siks\u00e8 - Ballet Tech<\/title>\n<meta name=\"description\" content=\"Wout pou ale nan Success se yon \u00f2ganizasyon ki pa peye-pwofi ki bay s\u00e8vis apre lek\u00f2l nan Ballet Tech sou plas. Misyon nou se delivre pwogram akademik ak rekreyasyon pou ankouraje devlopman akademik, sosyal, emosyon\u00e8l ak pwofesyon\u00e8l nan j\u00e8n moun.\" \/>\n<meta name=\"robots\" content=\"index, follow, max-snippet:-1, max-image-preview:large, max-video-preview:-1\" \/>\n<link rel=\"canonical\" href=\"https:\/\/ballettech.org\/school\/roads-to-success\/\" \/>\n<meta property=\"og:locale\" content=\"ht_HT\" \/>\n<meta property=\"og:type\" content=\"article\" \/>\n<meta property=\"og:title\" content=\"Wout pou siks\u00e8 - Ballet Tech\" \/>\n<meta property=\"og:description\" content=\"Wout pou ale nan Success se yon \u00f2ganizasyon ki pa peye-pwofi ki bay s\u00e8vis apre lek\u00f2l nan Ballet Tech sou plas. Misyon nou se delivre pwogram akademik ak rekreyasyon pou ankouraje devlopman akademik, sosyal, emosyon\u00e8l ak pwofesyon\u00e8l nan j\u00e8n moun.\" \/>\n<meta property=\"og:url\" content=\"https:\/\/ballettech.org\/school\/roads-to-success\/\" \/>\n<meta property=\"og:site_name\" content=\"Ballet Tech\" \/>\n<meta property=\"article:publisher\" content=\"https:\/\/www.facebook.com\/ballettech\/\" \/>\n<meta property=\"article:modified_time\" content=\"2024-11-16T06:29:17+00:00\" \/>\n<meta property=\"og:image\" content=\"https:\/\/ballettech.org\/wp-content\/uploads\/2024\/09\/coursehandbooks-1-1024x685.jpeg\" \/>\n<meta name=\"twitter:card\" content=\"summary_large_image\" \/>\n<meta name=\"twitter:label1\" content=\"Est. reading time\" \/>\n\t<meta name=\"twitter:data1\" content=\"1 minute\" \/>\n<script type=\"application\/ld+json\" class=\"yoast-schema-graph\">{\"@context\":\"https:\/\/schema.org\",\"@graph\":[{\"@type\":\"WebPage\",\"@id\":\"https:\/\/ballettech.org\/school\/roads-to-success\/\",\"url\":\"https:\/\/ballettech.org\/school\/roads-to-success\/\",\"name\":\"Wout pou siks\u00e8 - Ballet Tech\",\"isPartOf\":{\"@id\":\"https:\/\/ballettech.org\/#website\"},\"primaryImageOfPage\":{\"@id\":\"https:\/\/ballettech.org\/school\/roads-to-success\/#primaryimage\"},\"image\":{\"@id\":\"https:\/\/ballettech.org\/school\/roads-to-success\/#primaryimage\"},\"thumbnailUrl\":\"https:\/\/ballettech.org\/app\/uploads\/2024\/09\/coursehandbooks.jpeg\",\"datePublished\":\"2024-09-01T03:47:01+00:00\",\"dateModified\":\"2024-11-16T06:29:17+00:00\",\"description\":\"Wout pou ale nan Success se yon \u00f2ganizasyon ki pa peye-pwofi ki bay s\u00e8vis apre lek\u00f2l nan Ballet Tech sou plas. Misyon nou se delivre pwogram akademik ak rekreyasyon pou ankouraje devlopman akademik, sosyal, emosyon\u00e8l ak pwofesyon\u00e8l nan j\u00e8n moun.\",\"breadcrumb\":{\"@id\":\"https:\/\/ballettech.org\/school\/roads-to-success\/#breadcrumb\"},\"inLanguage\":\"ht\",\"potentialAction\":[{\"@type\":\"ReadAction\",\"target\":[\"https:\/\/ballettech.org\/school\/roads-to-success\/\"]}]},{\"@type\":\"ImageObject\",\"inLanguage\":\"ht\",\"@id\":\"https:\/\/ballettech.org\/school\/roads-to-success\/#primaryimage\",\"url\":\"https:\/\/ballettech.org\/app\/uploads\/2024\/09\/coursehandbooks.jpeg\",\"contentUrl\":\"https:\/\/ballettech.org\/app\/uploads\/2024\/09\/coursehandbooks.jpeg\",\"width\":2560,\"height\":1714},{\"@type\":\"BreadcrumbList\",\"@id\":\"https:\/\/ballettech.org\/school\/roads-to-success\/#breadcrumb\",\"itemListElement\":[{\"@type\":\"ListItem\",\"position\":1,\"name\":\"Home\",\"item\":\"https:\/\/ballettech.org\/ht\/lakay\/\"},{\"@type\":\"ListItem\",\"position\":2,\"name\":\"Lek\u00f2l la\",\"item\":\"https:\/\/ballettech.org\/school\/\"},{\"@type\":\"ListItem\",\"position\":3,\"name\":\"Wout pou siks\u00e8\"}]},{\"@type\":\"WebSite\",\"@id\":\"https:\/\/ballettech.org\/#website\",\"url\":\"https:\/\/ballettech.org\/\",\"name\":\"Ballet Tech - The NYC Public School for Dance\",\"description\":\"The NYC Public School for Dance\",\"publisher\":{\"@id\":\"https:\/\/ballettech.org\/#organization\"},\"potentialAction\":[{\"@type\":\"SearchAction\",\"target\":{\"@type\":\"EntryPoint\",\"urlTemplate\":\"https:\/\/ballettech.org\/?s={search_term_string}\"},\"query-input\":{\"@type\":\"PropertyValueSpecification\",\"valueRequired\":true,\"valueName\":\"search_term_string\"}}],\"inLanguage\":\"ht\"},{\"@type\":\"Organization\",\"@id\":\"https:\/\/ballettech.org\/#organization\",\"name\":\"Ballet Tech School\",\"url\":\"https:\/\/ballettech.org\/\",\"logo\":{\"@type\":\"ImageObject\",\"inLanguage\":\"ht\",\"@id\":\"https:\/\/ballettech.org\/#\/schema\/logo\/image\/\",\"url\":\"https:\/\/ballettech.org\/app\/uploads\/2024\/08\/logo-BT-full-1.png\",\"contentUrl\":\"https:\/\/ballettech.org\/app\/uploads\/2024\/08\/logo-BT-full-1.png\",\"width\":376,\"height\":129,\"caption\":\"Ballet Tech School\"},\"image\":{\"@id\":\"https:\/\/ballettech.org\/#\/schema\/logo\/image\/\"},\"sameAs\":[\"https:\/\/www.facebook.com\/ballettech\/\",\"https:\/\/www.youtube.com\/channel\/UCl7ro3fdsQ1MU3ZULekOpJQ\"]}]}<\/script>\n<!-- \/ Yoast SEO plugin. -->","yoast_head_json":{"title":"Wout pou siks\u00e8 - Ballet Tech","description":"Wout pou ale nan Success se yon \u00f2ganizasyon ki pa peye-pwofi ki bay s\u00e8vis apre lek\u00f2l nan Ballet Tech sou plas. Misyon nou se delivre pwogram akademik ak rekreyasyon pou ankouraje devlopman akademik, sosyal, emosyon\u00e8l ak pwofesyon\u00e8l nan j\u00e8n moun.","robots":{"index":"index","follow":"follow","max-snippet":"max-snippet:-1","max-image-preview":"max-image-preview:large","max-video-preview":"max-video-preview:-1"},"canonical":"https:\/\/ballettech.org\/school\/roads-to-success\/","og_locale":"ht_HT","og_type":"article","og_title":"Wout pou siks\u00e8 - Ballet Tech","og_description":"Wout pou ale nan Success se yon \u00f2ganizasyon ki pa peye-pwofi ki bay s\u00e8vis apre lek\u00f2l nan Ballet Tech sou plas. Misyon nou se delivre pwogram akademik ak rekreyasyon pou ankouraje devlopman akademik, sosyal, emosyon\u00e8l ak pwofesyon\u00e8l nan j\u00e8n moun.","og_url":"https:\/\/ballettech.org\/school\/roads-to-success\/","og_site_name":"Ballet Tech","article_publisher":"https:\/\/www.facebook.com\/ballettech\/","article_modified_time":"2024-11-16T06:29:17+00:00","og_image":[{"url":"https:\/\/ballettech.org\/wp-content\/uploads\/2024\/09\/coursehandbooks-1-1024x685.jpeg","type":"","width":"","height":""}],"twitter_card":"summary_large_image","twitter_misc":{"Est. reading time":"1 minute"},"schema":{"@context":"https:\/\/schema.org","@graph":[{"@type":"WebPage","@id":"https:\/\/ballettech.org\/school\/roads-to-success\/","url":"https:\/\/ballettech.org\/school\/roads-to-success\/","name":"Wout pou siks\u00e8 - Ballet Tech","isPartOf":{"@id":"https:\/\/ballettech.org\/#website"},"primaryImageOfPage":{"@id":"https:\/\/ballettech.org\/school\/roads-to-success\/#primaryimage"},"image":{"@id":"https:\/\/ballettech.org\/school\/roads-to-success\/#primaryimage"},"thumbnailUrl":"https:\/\/ballettech.org\/app\/uploads\/2024\/09\/coursehandbooks.jpeg","datePublished":"2024-09-01T03:47:01+00:00","dateModified":"2024-11-16T06:29:17+00:00","description":"Wout pou ale nan Success se yon \u00f2ganizasyon ki pa peye-pwofi ki bay s\u00e8vis apre lek\u00f2l nan Ballet Tech sou plas. Misyon nou se delivre pwogram akademik ak rekreyasyon pou ankouraje devlopman akademik, sosyal, emosyon\u00e8l ak pwofesyon\u00e8l nan j\u00e8n moun.","breadcrumb":{"@id":"https:\/\/ballettech.org\/school\/roads-to-success\/#breadcrumb"},"inLanguage":"ht","potentialAction":[{"@type":"ReadAction","target":["https:\/\/ballettech.org\/school\/roads-to-success\/"]}]},{"@type":"ImageObject","inLanguage":"ht","@id":"https:\/\/ballettech.org\/school\/roads-to-success\/#primaryimage","url":"https:\/\/ballettech.org\/app\/uploads\/2024\/09\/coursehandbooks.jpeg","contentUrl":"https:\/\/ballettech.org\/app\/uploads\/2024\/09\/coursehandbooks.jpeg","width":2560,"height":1714},{"@type":"BreadcrumbList","@id":"https:\/\/ballettech.org\/school\/roads-to-success\/#breadcrumb","itemListElement":[{"@type":"ListItem","position":1,"name":"Home","item":"https:\/\/ballettech.org\/ht\/lakay\/"},{"@type":"ListItem","position":2,"name":"Lek\u00f2l la","item":"https:\/\/ballettech.org\/school\/"},{"@type":"ListItem","position":3,"name":"Wout pou siks\u00e8"}]},{"@type":"WebSite","@id":"https:\/\/ballettech.org\/#website","url":"https:\/\/ballettech.org\/","name":"Ballet Tech - The NYC Public School for Dance","description":"The NYC Public School for Dance","publisher":{"@id":"https:\/\/ballettech.org\/#organization"},"potentialAction":[{"@type":"SearchAction","target":{"@type":"EntryPoint","urlTemplate":"https:\/\/ballettech.org\/?s={search_term_string}"},"query-input":{"@type":"PropertyValueSpecification","valueRequired":true,"valueName":"search_term_string"}}],"inLanguage":"ht"},{"@type":"Organization","@id":"https:\/\/ballettech.org\/#organization","name":"Ballet Tech School","url":"https:\/\/ballettech.org\/","logo":{"@type":"ImageObject","inLanguage":"ht","@id":"https:\/\/ballettech.org\/#\/schema\/logo\/image\/","url":"https:\/\/ballettech.org\/app\/uploads\/2024\/08\/logo-BT-full-1.png","contentUrl":"https:\/\/ballettech.org\/app\/uploads\/2024\/08\/logo-BT-full-1.png","width":376,"height":129,"caption":"Ballet Tech School"},"image":{"@id":"https:\/\/ballettech.org\/#\/schema\/logo\/image\/"},"sameAs":["https:\/\/www.facebook.com\/ballettech\/","https:\/\/www.youtube.com\/channel\/UCl7ro3fdsQ1MU3ZULekOpJQ"]}]}},"_links":{"self":[{"href":"https:\/\/ballettech.org\/ht\/wp-json\/wp\/v2\/pages\/15543","targetHints":{"allow":["GET"]}}],"collection":[{"href":"https:\/\/ballettech.org\/ht\/wp-json\/wp\/v2\/pages"}],"about":[{"href":"https:\/\/ballettech.org\/ht\/wp-json\/wp\/v2\/types\/page"}],"author":[{"embeddable":true,"href":"https:\/\/ballettech.org\/ht\/wp-json\/wp\/v2\/users\/1"}],"replies":[{"embeddable":true,"href":"https:\/\/ballettech.org\/ht\/wp-json\/wp\/v2\/comments?post=15543"}],"version-history":[{"count":1,"href":"https:\/\/ballettech.org\/ht\/wp-json\/wp\/v2\/pages\/15543\/revisions"}],"predecessor-version":[{"id":15545,"href":"https:\/\/ballettech.org\/ht\/wp-json\/wp\/v2\/pages\/15543\/revisions\/15545"}],"up":[{"embeddable":true,"href":"https:\/\/ballettech.org\/ht\/wp-json\/wp\/v2\/pages\/14194"}],"wp:featuredmedia":[{"embeddable":true,"href":"https:\/\/ballettech.org\/ht\/wp-json\/wp\/v2\/media\/65679"}],"wp:attachment":[{"href":"https:\/\/ballettech.org\/ht\/wp-json\/wp\/v2\/media?parent=15543"}],"curies":[{"name":"wp","href":"https:\/\/api.w.org\/{rel}","templated":true}]}}