{"id":19486,"date":"2024-11-08T01:44:49","date_gmt":"2024-11-08T01:44:49","guid":{"rendered":"https:\/\/admin.ballettech.org\/lekol-la\/fakilte-anye-anplwaye\/"},"modified":"2024-11-26T04:56:34","modified_gmt":"2024-11-26T04:56:34","slug":"fakilte-anye-anplwaye","status":"publish","type":"page","link":"https:\/\/ballettech.org\/ht\/lekol-la\/fakilte-anye-anplwaye\/","title":{"rendered":"Fakilte &#8211; Any\u00e8 Anplwaye"},"content":{"rendered":"\n<p>Fakilte estime nou yo ak anplwaye nou yo dedye a bay enstriksyon eksepsyon\u00e8l ki pwepare pou bezwen devlopman el\u00e8v lek\u00f2l elemant\u00e8 ak lek\u00f2l mwayen, ankouraje yon atmosf\u00e8 ki bay sip\u00f2 ak enklizif kote chak timoun ka boujonnen.<\/p>\n\n\n\n<p><\/p>\n","protected":false},"excerpt":{"rendered":"<p>Fakilte estime nou yo ak anplwaye nou yo dedye a bay enstriksyon eksepsyon\u00e8l ki pwepare pou bezwen devlopman el\u00e8v lek\u00f2l elemant\u00e8 ak lek\u00f2l mwayen, ankouraje yon atmosf\u00e8 ki bay sip\u00f2 [&hellip;]<\/p>\n","protected":false},"author":5,"featured_media":0,"parent":14194,"menu_order":0,"comment_status":"closed","ping_status":"closed","template":"","meta":{"_acf_changed":false,"footnotes":""},"class_list":["post-19486","page","type-page","status-publish","hentry"],"acf":[],"yoast_head":"<!-- This site is optimized with the Yoast SEO plugin v26.8 - https:\/\/yoast.com\/product\/yoast-seo-wordpress\/ -->\n<title>Fakilte - Any\u00e8 Anplwaye - Ballet Tech<\/title>\n<meta name=\"robots\" content=\"index, follow, max-snippet:-1, max-image-preview:large, max-video-preview:-1\" \/>\n<link rel=\"canonical\" href=\"https:\/\/ballettech.org\/ht\/?page_id=19486\" \/>\n<meta property=\"og:locale\" content=\"ht_HT\" \/>\n<meta property=\"og:type\" content=\"article\" \/>\n<meta property=\"og:title\" content=\"Fakilte - Any\u00e8 Anplwaye - Ballet Tech\" \/>\n<meta property=\"og:description\" content=\"Fakilte estime nou yo ak anplwaye nou yo dedye a bay enstriksyon eksepsyon\u00e8l ki pwepare pou bezwen devlopman el\u00e8v lek\u00f2l elemant\u00e8 ak lek\u00f2l mwayen, ankouraje yon atmosf\u00e8 ki bay sip\u00f2 [&hellip;]\" \/>\n<meta property=\"og:url\" content=\"https:\/\/ballettech.org\/ht\/?page_id=19486\" \/>\n<meta property=\"og:site_name\" content=\"Ballet Tech\" \/>\n<meta property=\"article:publisher\" content=\"https:\/\/www.facebook.com\/ballettech\/\" \/>\n<meta property=\"article:modified_time\" content=\"2024-11-26T04:56:34+00:00\" \/>\n<meta name=\"twitter:card\" content=\"summary_large_image\" \/>\n<script type=\"application\/ld+json\" class=\"yoast-schema-graph\">{\"@context\":\"https:\/\/schema.org\",\"@graph\":[{\"@type\":\"WebPage\",\"@id\":\"https:\/\/ballettech.org\/ht\/?page_id=19486\",\"url\":\"https:\/\/ballettech.org\/ht\/?page_id=19486\",\"name\":\"Fakilte - Any\u00e8 Anplwaye - Ballet Tech\",\"isPartOf\":{\"@id\":\"https:\/\/ballettech.org\/#website\"},\"datePublished\":\"2024-11-08T01:44:49+00:00\",\"dateModified\":\"2024-11-26T04:56:34+00:00\",\"breadcrumb\":{\"@id\":\"https:\/\/ballettech.org\/ht\/?page_id=19486#breadcrumb\"},\"inLanguage\":\"ht\",\"potentialAction\":[{\"@type\":\"ReadAction\",\"target\":[\"https:\/\/ballettech.org\/ht\/?page_id=19486\"]}]},{\"@type\":\"BreadcrumbList\",\"@id\":\"https:\/\/ballettech.org\/ht\/?page_id=19486#breadcrumb\",\"itemListElement\":[{\"@type\":\"ListItem\",\"position\":1,\"name\":\"Home\",\"item\":\"https:\/\/ballettech.org\/ht\/lakay\/\"},{\"@type\":\"ListItem\",\"position\":2,\"name\":\"Lek\u00f2l la\",\"item\":\"https:\/\/ballettech.org\/school\/\"},{\"@type\":\"ListItem\",\"position\":3,\"name\":\"Fakilte &#8211; Any\u00e8 Anplwaye\"}]},{\"@type\":\"WebSite\",\"@id\":\"https:\/\/ballettech.org\/#website\",\"url\":\"https:\/\/ballettech.org\/\",\"name\":\"Ballet Tech - The NYC Public School for Dance\",\"description\":\"The NYC Public School for Dance\",\"publisher\":{\"@id\":\"https:\/\/ballettech.org\/#organization\"},\"potentialAction\":[{\"@type\":\"SearchAction\",\"target\":{\"@type\":\"EntryPoint\",\"urlTemplate\":\"https:\/\/ballettech.org\/?s={search_term_string}\"},\"query-input\":{\"@type\":\"PropertyValueSpecification\",\"valueRequired\":true,\"valueName\":\"search_term_string\"}}],\"inLanguage\":\"ht\"},{\"@type\":\"Organization\",\"@id\":\"https:\/\/ballettech.org\/#organization\",\"name\":\"Ballet Tech School\",\"url\":\"https:\/\/ballettech.org\/\",\"logo\":{\"@type\":\"ImageObject\",\"inLanguage\":\"ht\",\"@id\":\"https:\/\/ballettech.org\/#\/schema\/logo\/image\/\",\"url\":\"https:\/\/ballettech.org\/app\/uploads\/2024\/08\/logo-BT-full-1.png\",\"contentUrl\":\"https:\/\/ballettech.org\/app\/uploads\/2024\/08\/logo-BT-full-1.png\",\"width\":376,\"height\":129,\"caption\":\"Ballet Tech School\"},\"image\":{\"@id\":\"https:\/\/ballettech.org\/#\/schema\/logo\/image\/\"},\"sameAs\":[\"https:\/\/www.facebook.com\/ballettech\/\",\"https:\/\/www.youtube.com\/channel\/UCl7ro3fdsQ1MU3ZULekOpJQ\"]}]}<\/script>\n<!-- \/ Yoast SEO plugin. -->","yoast_head_json":{"title":"Fakilte - Any\u00e8 Anplwaye - Ballet Tech","robots":{"index":"index","follow":"follow","max-snippet":"max-snippet:-1","max-image-preview":"max-image-preview:large","max-video-preview":"max-video-preview:-1"},"canonical":"https:\/\/ballettech.org\/ht\/?page_id=19486","og_locale":"ht_HT","og_type":"article","og_title":"Fakilte - Any\u00e8 Anplwaye - Ballet Tech","og_description":"Fakilte estime nou yo ak anplwaye nou yo dedye a bay enstriksyon eksepsyon\u00e8l ki pwepare pou bezwen devlopman el\u00e8v lek\u00f2l elemant\u00e8 ak lek\u00f2l mwayen, ankouraje yon atmosf\u00e8 ki bay sip\u00f2 [&hellip;]","og_url":"https:\/\/ballettech.org\/ht\/?page_id=19486","og_site_name":"Ballet Tech","article_publisher":"https:\/\/www.facebook.com\/ballettech\/","article_modified_time":"2024-11-26T04:56:34+00:00","twitter_card":"summary_large_image","schema":{"@context":"https:\/\/schema.org","@graph":[{"@type":"WebPage","@id":"https:\/\/ballettech.org\/ht\/?page_id=19486","url":"https:\/\/ballettech.org\/ht\/?page_id=19486","name":"Fakilte - Any\u00e8 Anplwaye - Ballet Tech","isPartOf":{"@id":"https:\/\/ballettech.org\/#website"},"datePublished":"2024-11-08T01:44:49+00:00","dateModified":"2024-11-26T04:56:34+00:00","breadcrumb":{"@id":"https:\/\/ballettech.org\/ht\/?page_id=19486#breadcrumb"},"inLanguage":"ht","potentialAction":[{"@type":"ReadAction","target":["https:\/\/ballettech.org\/ht\/?page_id=19486"]}]},{"@type":"BreadcrumbList","@id":"https:\/\/ballettech.org\/ht\/?page_id=19486#breadcrumb","itemListElement":[{"@type":"ListItem","position":1,"name":"Home","item":"https:\/\/ballettech.org\/ht\/lakay\/"},{"@type":"ListItem","position":2,"name":"Lek\u00f2l la","item":"https:\/\/ballettech.org\/school\/"},{"@type":"ListItem","position":3,"name":"Fakilte &#8211; Any\u00e8 Anplwaye"}]},{"@type":"WebSite","@id":"https:\/\/ballettech.org\/#website","url":"https:\/\/ballettech.org\/","name":"Ballet Tech - The NYC Public School for Dance","description":"The NYC Public School for Dance","publisher":{"@id":"https:\/\/ballettech.org\/#organization"},"potentialAction":[{"@type":"SearchAction","target":{"@type":"EntryPoint","urlTemplate":"https:\/\/ballettech.org\/?s={search_term_string}"},"query-input":{"@type":"PropertyValueSpecification","valueRequired":true,"valueName":"search_term_string"}}],"inLanguage":"ht"},{"@type":"Organization","@id":"https:\/\/ballettech.org\/#organization","name":"Ballet Tech School","url":"https:\/\/ballettech.org\/","logo":{"@type":"ImageObject","inLanguage":"ht","@id":"https:\/\/ballettech.org\/#\/schema\/logo\/image\/","url":"https:\/\/ballettech.org\/app\/uploads\/2024\/08\/logo-BT-full-1.png","contentUrl":"https:\/\/ballettech.org\/app\/uploads\/2024\/08\/logo-BT-full-1.png","width":376,"height":129,"caption":"Ballet Tech School"},"image":{"@id":"https:\/\/ballettech.org\/#\/schema\/logo\/image\/"},"sameAs":["https:\/\/www.facebook.com\/ballettech\/","https:\/\/www.youtube.com\/channel\/UCl7ro3fdsQ1MU3ZULekOpJQ"]}]}},"_links":{"self":[{"href":"https:\/\/ballettech.org\/ht\/wp-json\/wp\/v2\/pages\/19486","targetHints":{"allow":["GET"]}}],"collection":[{"href":"https:\/\/ballettech.org\/ht\/wp-json\/wp\/v2\/pages"}],"about":[{"href":"https:\/\/ballettech.org\/ht\/wp-json\/wp\/v2\/types\/page"}],"author":[{"embeddable":true,"href":"https:\/\/ballettech.org\/ht\/wp-json\/wp\/v2\/users\/5"}],"replies":[{"embeddable":true,"href":"https:\/\/ballettech.org\/ht\/wp-json\/wp\/v2\/comments?post=19486"}],"version-history":[{"count":1,"href":"https:\/\/ballettech.org\/ht\/wp-json\/wp\/v2\/pages\/19486\/revisions"}],"predecessor-version":[{"id":19487,"href":"https:\/\/ballettech.org\/ht\/wp-json\/wp\/v2\/pages\/19486\/revisions\/19487"}],"up":[{"embeddable":true,"href":"https:\/\/ballettech.org\/ht\/wp-json\/wp\/v2\/pages\/14194"}],"wp:attachment":[{"href":"https:\/\/ballettech.org\/ht\/wp-json\/wp\/v2\/media?parent=19486"}],"curies":[{"name":"wp","href":"https:\/\/api.w.org\/{rel}","templated":true}]}}